
{"id":35542,"date":"2021-03-06T00:00:00","date_gmt":"2022-03-05T22:00:00","guid":{"rendered":"https:\/\/triangle.cat\/producto\/sketchguides-top-tapas-barcelona-guide\/"},"modified":"2025-07-30T10:18:43","modified_gmt":"2025-07-30T08:18:43","slug":"sketchguides-top-tapas-barcelona-guide","status":"publish","type":"product","link":"https:\/\/triangle.cat\/fr\/producto\/sketchguides-top-tapas-barcelona-guide\/","title":{"rendered":"Top Tapas Barcelona Guide"},"content":{"rendered":"","protected":false},"excerpt":{"rendered":"<p>Quand j&rsquo;\u00e9tais enfant, j&rsquo;aimais toujours dessiner, et maintenant que je suis adulte, j\u2019aime encore plus. Je remplis des carnets de toutes sortes de dessins depuis des ann\u00e9es et j&rsquo;en ai toujours un dans ma poche quand je pars en voyage. Dessiner fait partie de ma vie et d\u00e8s que je fini un carnet, j&rsquo;en commence un autre. Des b\u00e2timents, des personnes, des objets, des paysages ou des villes apparaissent toujours dans mes croquis, captur\u00e9s \u00e0 jamais dans mes carnets bien-aim\u00e9s.<\/p>\n","protected":false},"featured_media":35483,"comment_status":"closed","ping_status":"closed","template":"","meta":{"_acf_changed":false,"_monsterinsights_skip_tracking":false,"_monsterinsights_sitenote_active":false,"_monsterinsights_sitenote_note":"","_monsterinsights_sitenote_category":0},"product_brand":[],"product_cat":[1500,1524],"product_tag":[],"class_list":{"0":"post-35542","1":"product","2":"type-product","3":"status-publish","4":"has-post-thumbnail","6":"product_cat-barcelone","7":"product_cat-sketchguides-fr","8":"pa_idioma-multilingue-espanol-english-francais-fr","10":"first","11":"instock","12":"purchasable","13":"product-type-variable"},"acf":[],"_links":{"self":[{"href":"https:\/\/triangle.cat\/fr\/wp-json\/wp\/v2\/product\/35542","targetHints":{"allow":["GET"]}}],"collection":[{"href":"https:\/\/triangle.cat\/fr\/wp-json\/wp\/v2\/product"}],"about":[{"href":"https:\/\/triangle.cat\/fr\/wp-json\/wp\/v2\/types\/product"}],"replies":[{"embeddable":true,"href":"https:\/\/triangle.cat\/fr\/wp-json\/wp\/v2\/comments?post=35542"}],"wp:featuredmedia":[{"embeddable":true,"href":"https:\/\/triangle.cat\/fr\/wp-json\/wp\/v2\/media\/35483"}],"wp:attachment":[{"href":"https:\/\/triangle.cat\/fr\/wp-json\/wp\/v2\/media?parent=35542"}],"wp:term":[{"taxonomy":"product_brand","embeddable":true,"href":"https:\/\/triangle.cat\/fr\/wp-json\/wp\/v2\/product_brand?post=35542"},{"taxonomy":"product_cat","embeddable":true,"href":"https:\/\/triangle.cat\/fr\/wp-json\/wp\/v2\/product_cat?post=35542"},{"taxonomy":"product_tag","embeddable":true,"href":"https:\/\/triangle.cat\/fr\/wp-json\/wp\/v2\/product_tag?post=35542"}],"curies":[{"name":"wp","href":"https:\/\/api.w.org\/{rel}","templated":true}]}}