
{"id":35541,"date":"2021-03-06T00:00:00","date_gmt":"2022-03-05T22:00:00","guid":{"rendered":"https:\/\/triangle.cat\/producto\/sketchguides-la-rambla\/"},"modified":"2025-07-15T11:52:27","modified_gmt":"2025-07-15T09:52:27","slug":"sketchguides-la-rambla","status":"publish","type":"product","link":"https:\/\/triangle.cat\/fr\/producto\/sketchguides-la-rambla\/","title":{"rendered":"La Rambla"},"content":{"rendered":"","protected":false},"excerpt":{"rendered":"<p>Il y a quelques ann\u00e9es, Cristina a d\u00e9couvert que dessiner \u00e0 l&rsquo;ext\u00e9rieur, n&rsquo;importe o\u00f9 et tout dessiner, \u00e9tait bien plus surprenant et int\u00e9ressant que de le faire dans son atelier. On la trouve en ville avec une chaise pliante et son mat\u00e9riel. Elle croit que le dessin est une fa\u00e7on de percevoir la vie et de la jouir. Cela vous oblige \u00e0 ralentir, \u00e0 prendre votre temps et \u00e0 observer attentivement. Ah, mais ne restez pas coinc\u00e9 avec l&rsquo;id\u00e9e que le dessin est une activit\u00e9 solitaire ; Les dessins sont l&rsquo;excuse parfaite pour rencontrer des gens int\u00e9ressants et vivre des exp\u00e9riences incroyables !<\/p>\n","protected":false},"featured_media":35478,"comment_status":"closed","ping_status":"closed","template":"","meta":{"_acf_changed":false,"_monsterinsights_skip_tracking":false,"_monsterinsights_sitenote_active":false,"_monsterinsights_sitenote_note":"","_monsterinsights_sitenote_category":0},"product_brand":[],"product_cat":[1500,1524],"product_tag":[],"class_list":{"0":"post-35541","1":"product","2":"type-product","3":"status-publish","4":"has-post-thumbnail","6":"product_cat-barcelone","7":"product_cat-sketchguides-fr","8":"pa_idioma-multilingue-catala-espanol-english-fr-2","10":"first","11":"instock","12":"purchasable","13":"product-type-variable"},"acf":[],"_links":{"self":[{"href":"https:\/\/triangle.cat\/fr\/wp-json\/wp\/v2\/product\/35541","targetHints":{"allow":["GET"]}}],"collection":[{"href":"https:\/\/triangle.cat\/fr\/wp-json\/wp\/v2\/product"}],"about":[{"href":"https:\/\/triangle.cat\/fr\/wp-json\/wp\/v2\/types\/product"}],"replies":[{"embeddable":true,"href":"https:\/\/triangle.cat\/fr\/wp-json\/wp\/v2\/comments?post=35541"}],"wp:featuredmedia":[{"embeddable":true,"href":"https:\/\/triangle.cat\/fr\/wp-json\/wp\/v2\/media\/35478"}],"wp:attachment":[{"href":"https:\/\/triangle.cat\/fr\/wp-json\/wp\/v2\/media?parent=35541"}],"wp:term":[{"taxonomy":"product_brand","embeddable":true,"href":"https:\/\/triangle.cat\/fr\/wp-json\/wp\/v2\/product_brand?post=35541"},{"taxonomy":"product_cat","embeddable":true,"href":"https:\/\/triangle.cat\/fr\/wp-json\/wp\/v2\/product_cat?post=35541"},{"taxonomy":"product_tag","embeddable":true,"href":"https:\/\/triangle.cat\/fr\/wp-json\/wp\/v2\/product_tag?post=35541"}],"curies":[{"name":"wp","href":"https:\/\/api.w.org\/{rel}","templated":true}]}}