
{"id":35540,"date":"2021-03-06T00:00:00","date_gmt":"2022-03-05T22:00:00","guid":{"rendered":"https:\/\/triangle.cat\/producto\/sketchguides-enjoy-gaudi\/"},"modified":"2025-07-30T11:04:50","modified_gmt":"2025-07-30T09:04:50","slug":"sketchguides-enjoy-gaudi","status":"publish","type":"product","link":"https:\/\/triangle.cat\/fr\/producto\/sketchguides-enjoy-gaudi\/","title":{"rendered":"Enjoy Gaud\u00ed"},"content":{"rendered":"","protected":false},"excerpt":{"rendered":"<p>Swasky est un illustrateur et professeur d&rsquo;art catalan qui habite \u00e0 la p\u00e9riph\u00e9rie de Barcelone. Pour cette raison, il fait beaucoup de dessins dans le train. Cependant, ce n&rsquo;est pas son seul moyen de transport. Il roule partout avec son v\u00e9lo pliant et un sac plein de mat\u00e9riel avec lequel il dessine toutes sortes de personnes et de lieux. Il croit que le dessin est une forme d&rsquo;expression naturelle et son objectif dans l&rsquo;enseignement est de montrer aux enfants et aux adultes le potentiel de leurs propres dessins. Il faut juste le pratiquer r\u00e9guli\u00e8rement de fa\u00e7on amusante et agr\u00e9able.<\/p>\n","protected":false},"featured_media":35473,"comment_status":"closed","ping_status":"closed","template":"","meta":{"_acf_changed":false,"_monsterinsights_skip_tracking":false,"_monsterinsights_sitenote_active":false,"_monsterinsights_sitenote_note":"","_monsterinsights_sitenote_category":0},"product_brand":[],"product_cat":[1498,1500,1524],"product_tag":[],"class_list":{"0":"post-35540","1":"product","2":"type-product","3":"status-publish","4":"has-post-thumbnail","6":"product_cat-art-arquitecture","7":"product_cat-barcelone","8":"product_cat-sketchguides-fr","9":"pa_idioma-multilingue-catala-espanol-english-fr-2","11":"first","12":"outofstock","13":"taxable","14":"shipping-taxable","15":"purchasable","16":"product-type-variable"},"acf":[],"_links":{"self":[{"href":"https:\/\/triangle.cat\/fr\/wp-json\/wp\/v2\/product\/35540","targetHints":{"allow":["GET"]}}],"collection":[{"href":"https:\/\/triangle.cat\/fr\/wp-json\/wp\/v2\/product"}],"about":[{"href":"https:\/\/triangle.cat\/fr\/wp-json\/wp\/v2\/types\/product"}],"replies":[{"embeddable":true,"href":"https:\/\/triangle.cat\/fr\/wp-json\/wp\/v2\/comments?post=35540"}],"wp:featuredmedia":[{"embeddable":true,"href":"https:\/\/triangle.cat\/fr\/wp-json\/wp\/v2\/media\/35473"}],"wp:attachment":[{"href":"https:\/\/triangle.cat\/fr\/wp-json\/wp\/v2\/media?parent=35540"}],"wp:term":[{"taxonomy":"product_brand","embeddable":true,"href":"https:\/\/triangle.cat\/fr\/wp-json\/wp\/v2\/product_brand?post=35540"},{"taxonomy":"product_cat","embeddable":true,"href":"https:\/\/triangle.cat\/fr\/wp-json\/wp\/v2\/product_cat?post=35540"},{"taxonomy":"product_tag","embeddable":true,"href":"https:\/\/triangle.cat\/fr\/wp-json\/wp\/v2\/product_tag?post=35540"}],"curies":[{"name":"wp","href":"https:\/\/api.w.org\/{rel}","templated":true}]}}