
{"id":35539,"date":"2021-03-06T00:00:00","date_gmt":"2022-03-05T22:00:00","guid":{"rendered":"https:\/\/triangle.cat\/producto\/sketchguides-islandia-cuaderno-de-viaje\/"},"modified":"2023-11-21T22:12:17","modified_gmt":"2023-11-21T20:12:17","slug":"sketchguides-islandia-cuaderno-de-viaje","status":"publish","type":"product","link":"https:\/\/triangle.cat\/fr\/producto\/sketchguides-islandia-cuaderno-de-viaje\/","title":{"rendered":"Islandia Cuaderno de viaje"},"content":{"rendered":"","protected":false},"excerpt":{"rendered":"<p>Cahiers et aquarelles \u00e0 la main, Ramon Valverde nous montre ses voyages en Islande, une \u00eele au bout du monde et au bout de l&rsquo;habitable. A travers ses dessins on d\u00e9couvre un pays extraordinaire, o\u00f9 la nature est vivante et modifie sans cesse son paysage. Des endroits sans arbres pour rester en silence et profiter des milliers d&rsquo;oiseaux qui nous accompagnent en permanence. Volcans en \u00e9ruption, failles qui traversent l&rsquo;\u00eele d&rsquo;est \u00e0 ouest, glaciers immenses, fjords profonds et \u00eeles qui surgissent de nulle part au milieu de l&rsquo;oc\u00e9an.<\/br> <\/br>ISBN: 978-84-8478-886-7 &#8211; SGI-2<\/p>\n","protected":false},"featured_media":35468,"comment_status":"closed","ping_status":"closed","template":"","meta":{"_acf_changed":false,"_monsterinsights_skip_tracking":false,"_monsterinsights_sitenote_active":false,"_monsterinsights_sitenote_note":"","_monsterinsights_sitenote_category":0},"product_brand":[],"product_cat":[1524],"product_tag":[],"class_list":{"0":"post-35539","1":"product","2":"type-product","3":"status-publish","4":"has-post-thumbnail","6":"product_cat-sketchguides-fr","7":"pa_idioma-multilingue-espanol-english-francais-fr","9":"first","10":"instock","11":"purchasable","12":"product-type-variable"},"acf":[],"_links":{"self":[{"href":"https:\/\/triangle.cat\/fr\/wp-json\/wp\/v2\/product\/35539","targetHints":{"allow":["GET"]}}],"collection":[{"href":"https:\/\/triangle.cat\/fr\/wp-json\/wp\/v2\/product"}],"about":[{"href":"https:\/\/triangle.cat\/fr\/wp-json\/wp\/v2\/types\/product"}],"replies":[{"embeddable":true,"href":"https:\/\/triangle.cat\/fr\/wp-json\/wp\/v2\/comments?post=35539"}],"wp:featuredmedia":[{"embeddable":true,"href":"https:\/\/triangle.cat\/fr\/wp-json\/wp\/v2\/media\/35468"}],"wp:attachment":[{"href":"https:\/\/triangle.cat\/fr\/wp-json\/wp\/v2\/media?parent=35539"}],"wp:term":[{"taxonomy":"product_brand","embeddable":true,"href":"https:\/\/triangle.cat\/fr\/wp-json\/wp\/v2\/product_brand?post=35539"},{"taxonomy":"product_cat","embeddable":true,"href":"https:\/\/triangle.cat\/fr\/wp-json\/wp\/v2\/product_cat?post=35539"},{"taxonomy":"product_tag","embeddable":true,"href":"https:\/\/triangle.cat\/fr\/wp-json\/wp\/v2\/product_tag?post=35539"}],"curies":[{"name":"wp","href":"https:\/\/api.w.org\/{rel}","templated":true}]}}