
{"id":35538,"date":"2017-03-06T00:00:00","date_gmt":"2022-03-05T22:00:00","guid":{"rendered":"https:\/\/triangle.cat\/producto\/sketchguides-barcelona-travel-notebook\/"},"modified":"2025-07-15T10:06:24","modified_gmt":"2025-07-15T08:06:24","slug":"sketchguides-barcelona-travel-notebook","status":"publish","type":"product","link":"https:\/\/triangle.cat\/fr\/producto\/sketchguides-barcelona-travel-notebook\/","title":{"rendered":"Barcelona Travel Notebook"},"content":{"rendered":"","protected":false},"excerpt":{"rendered":"<p>Pendant quelques ann\u00e9es, et pour compl\u00e9ter mon apprentissage, je dessinais des cahiers comme passe-temps. J&rsquo;ai commenc\u00e9 \u00e0 dessiner l&rsquo;architecture parce que je n&rsquo;\u00e9tais pas tr\u00e8s dou\u00e9 pour \u00e7a. Plus tard, j&rsquo;ai commenc\u00e9 \u00e0 dessiner des gens parce que je n&rsquo;\u00e9tais pas dou\u00e9 non plus. Petit \u00e0 petit, j&rsquo;ai commenc\u00e9 \u00e0 dessiner des instants car capturer le temps me paraissait le plus important. C&rsquo;est peut-\u00eatre la raison pour laquelle je me concentre sur la lumi\u00e8re, car c&rsquo;est l&rsquo;aspect le plus \u00e9ph\u00e9m\u00e8re des lieux que nous illustrons.<\/p>\n","protected":false},"featured_media":35463,"comment_status":"closed","ping_status":"closed","template":"","meta":{"_acf_changed":false,"_monsterinsights_skip_tracking":false,"_monsterinsights_sitenote_active":false,"_monsterinsights_sitenote_note":"","_monsterinsights_sitenote_category":0},"product_brand":[],"product_cat":[1500,1524],"product_tag":[],"class_list":{"0":"post-35538","1":"product","2":"type-product","3":"status-publish","4":"has-post-thumbnail","6":"product_cat-barcelone","7":"product_cat-sketchguides-fr","8":"pa_idioma-multilingue-espanol-english-francais-fr","10":"first","11":"instock","12":"purchasable","13":"product-type-variable"},"acf":[],"_links":{"self":[{"href":"https:\/\/triangle.cat\/fr\/wp-json\/wp\/v2\/product\/35538","targetHints":{"allow":["GET"]}}],"collection":[{"href":"https:\/\/triangle.cat\/fr\/wp-json\/wp\/v2\/product"}],"about":[{"href":"https:\/\/triangle.cat\/fr\/wp-json\/wp\/v2\/types\/product"}],"replies":[{"embeddable":true,"href":"https:\/\/triangle.cat\/fr\/wp-json\/wp\/v2\/comments?post=35538"}],"wp:featuredmedia":[{"embeddable":true,"href":"https:\/\/triangle.cat\/fr\/wp-json\/wp\/v2\/media\/35463"}],"wp:attachment":[{"href":"https:\/\/triangle.cat\/fr\/wp-json\/wp\/v2\/media?parent=35538"}],"wp:term":[{"taxonomy":"product_brand","embeddable":true,"href":"https:\/\/triangle.cat\/fr\/wp-json\/wp\/v2\/product_brand?post=35538"},{"taxonomy":"product_cat","embeddable":true,"href":"https:\/\/triangle.cat\/fr\/wp-json\/wp\/v2\/product_cat?post=35538"},{"taxonomy":"product_tag","embeddable":true,"href":"https:\/\/triangle.cat\/fr\/wp-json\/wp\/v2\/product_tag?post=35538"}],"curies":[{"name":"wp","href":"https:\/\/api.w.org\/{rel}","templated":true}]}}