
{"id":35537,"date":"2021-03-06T00:00:00","date_gmt":"2022-03-05T22:00:00","guid":{"rendered":"https:\/\/triangle.cat\/producto\/sketchguides-modernisme-beyond-gaudi\/"},"modified":"2025-07-15T11:03:31","modified_gmt":"2025-07-15T09:03:31","slug":"sketchguides-modernisme-beyond-gaudi","status":"publish","type":"product","link":"https:\/\/triangle.cat\/fr\/producto\/sketchguides-modernisme-beyond-gaudi\/","title":{"rendered":"Modernisme Beyond Gaud\u00ed"},"content":{"rendered":"","protected":false},"excerpt":{"rendered":"<p>Lapin est un illustrateur fran\u00e7ais qui habite \u00e0 Barcelone. Il commence \u00e0 dessiner l&rsquo;architecture \u00e0 son arriv\u00e9e \u00e0 la ville en 2007 motiv\u00e9 par l&rsquo;attrait de la ville et la vari\u00e9t\u00e9 de ses formes et de ses couleurs. Il lui a d&rsquo;abord d\u00e9clar\u00e9 son amour avec la publication du livre Barcelona m&rsquo;inspira, une compilation de d\u00e9couvertes, de portraits, de vieilles boutiques et d&rsquo;horizons, et maintenant il fait l\u2019\u00e9loge de son style pr\u00e9f\u00e9r\u00e9 en d\u00e9diant ce livre au modernisme de Barcelone, au-del\u00e0 des b\u00e2timents d\u00e9j\u00e0 connus de Gaud\u00ed. Et il vous invite \u00e0 visiter le Palau de la M\u00fasica, le Parc de la Ciutadella ou l&rsquo;H\u00f4pital de Sant Pau&#8230; Bonne visite !<\/p>\n","protected":false},"featured_media":35458,"comment_status":"closed","ping_status":"closed","template":"","meta":{"_acf_changed":false,"_monsterinsights_skip_tracking":false,"_monsterinsights_sitenote_active":false,"_monsterinsights_sitenote_note":"","_monsterinsights_sitenote_category":0},"product_brand":[],"product_cat":[1498,1500,1524],"product_tag":[],"class_list":{"0":"post-35537","1":"product","2":"type-product","3":"status-publish","4":"has-post-thumbnail","6":"product_cat-art-arquitecture","7":"product_cat-barcelone","8":"product_cat-sketchguides-fr","9":"pa_idioma-multilingue-espanol-english-francais-fr","11":"first","12":"instock","13":"purchasable","14":"product-type-variable"},"acf":[],"_links":{"self":[{"href":"https:\/\/triangle.cat\/fr\/wp-json\/wp\/v2\/product\/35537","targetHints":{"allow":["GET"]}}],"collection":[{"href":"https:\/\/triangle.cat\/fr\/wp-json\/wp\/v2\/product"}],"about":[{"href":"https:\/\/triangle.cat\/fr\/wp-json\/wp\/v2\/types\/product"}],"replies":[{"embeddable":true,"href":"https:\/\/triangle.cat\/fr\/wp-json\/wp\/v2\/comments?post=35537"}],"wp:featuredmedia":[{"embeddable":true,"href":"https:\/\/triangle.cat\/fr\/wp-json\/wp\/v2\/media\/35458"}],"wp:attachment":[{"href":"https:\/\/triangle.cat\/fr\/wp-json\/wp\/v2\/media?parent=35537"}],"wp:term":[{"taxonomy":"product_brand","embeddable":true,"href":"https:\/\/triangle.cat\/fr\/wp-json\/wp\/v2\/product_brand?post=35537"},{"taxonomy":"product_cat","embeddable":true,"href":"https:\/\/triangle.cat\/fr\/wp-json\/wp\/v2\/product_cat?post=35537"},{"taxonomy":"product_tag","embeddable":true,"href":"https:\/\/triangle.cat\/fr\/wp-json\/wp\/v2\/product_tag?post=35537"}],"curies":[{"name":"wp","href":"https:\/\/api.w.org\/{rel}","templated":true}]}}