
{"id":35536,"date":"2021-03-06T00:00:00","date_gmt":"2022-03-05T22:00:00","guid":{"rendered":"https:\/\/triangle.cat\/producto\/sketchguides-catalan-cuisine\/"},"modified":"2023-11-21T22:12:00","modified_gmt":"2023-11-21T20:12:00","slug":"sketchguides-catalan-cuisine","status":"publish","type":"product","link":"https:\/\/triangle.cat\/fr\/producto\/sketchguides-catalan-cuisine\/","title":{"rendered":"Catalan cuisine"},"content":{"rendered":"","protected":false},"excerpt":{"rendered":"<p>Juliet Pom\u00e9s Leiz est originaire de Barcelone et sa vie tourne autour de la table. C&rsquo;est l&rsquo;endroit pour ses activit\u00e9s pr\u00e9f\u00e9r\u00e9es : dessiner, cr\u00e9er et d\u00e9guster des repas en bonne compagnie. Il n&rsquo;est pas surprenant que lorsqu\u2019on lui a propos\u00e9 d&rsquo;illustrer ce livre de cuisine de l&rsquo;Institut Catal\u00e0 de la Cuina, elle n&rsquo;ait pas h\u00e9sit\u00e9 un instant. Elle \u00e9tait ravie de revisiter des odeurs famili\u00e8res comme celles des poivrons et des aubergines grill\u00e9es, une combinaison classique de la cuisine catalane et une saveur qui la transporte aux repas de famille de son enfance.<\/br> <\/br>ISBN: 978-84-8478-883-6 &#8211; SGCC-2<\/p>\n","protected":false},"featured_media":35453,"comment_status":"closed","ping_status":"closed","template":"","meta":{"_acf_changed":false,"_monsterinsights_skip_tracking":false,"_monsterinsights_sitenote_active":false,"_monsterinsights_sitenote_note":"","_monsterinsights_sitenote_category":0},"product_brand":[],"product_cat":[1504,1524],"product_tag":[],"class_list":{"0":"post-35536","1":"product","2":"type-product","3":"status-publish","4":"has-post-thumbnail","6":"product_cat-catalogne","7":"product_cat-sketchguides-fr","8":"pa_idioma-multilingue-espanol-english-francais-fr","10":"first","11":"instock","12":"purchasable","13":"product-type-variable"},"acf":[],"_links":{"self":[{"href":"https:\/\/triangle.cat\/fr\/wp-json\/wp\/v2\/product\/35536","targetHints":{"allow":["GET"]}}],"collection":[{"href":"https:\/\/triangle.cat\/fr\/wp-json\/wp\/v2\/product"}],"about":[{"href":"https:\/\/triangle.cat\/fr\/wp-json\/wp\/v2\/types\/product"}],"replies":[{"embeddable":true,"href":"https:\/\/triangle.cat\/fr\/wp-json\/wp\/v2\/comments?post=35536"}],"wp:featuredmedia":[{"embeddable":true,"href":"https:\/\/triangle.cat\/fr\/wp-json\/wp\/v2\/media\/35453"}],"wp:attachment":[{"href":"https:\/\/triangle.cat\/fr\/wp-json\/wp\/v2\/media?parent=35536"}],"wp:term":[{"taxonomy":"product_brand","embeddable":true,"href":"https:\/\/triangle.cat\/fr\/wp-json\/wp\/v2\/product_brand?post=35536"},{"taxonomy":"product_cat","embeddable":true,"href":"https:\/\/triangle.cat\/fr\/wp-json\/wp\/v2\/product_cat?post=35536"},{"taxonomy":"product_tag","embeddable":true,"href":"https:\/\/triangle.cat\/fr\/wp-json\/wp\/v2\/product_tag?post=35536"}],"curies":[{"name":"wp","href":"https:\/\/api.w.org\/{rel}","templated":true}]}}