
{"id":35209,"date":"2021-11-03T00:00:00","date_gmt":"2022-05-31T22:00:00","guid":{"rendered":"https:\/\/triangle.cat\/producto\/miro-palma\/"},"modified":"2023-11-02T10:12:07","modified_gmt":"2023-11-02T08:12:07","slug":"miro-palma","status":"publish","type":"product","link":"https:\/\/triangle.cat\/fr\/producto\/miro-palma\/","title":{"rendered":"Mir\u00f3 &#8211; Palma"},"content":{"rendered":"","protected":false},"excerpt":{"rendered":"<p>ISBN: 842-44-5524-091-0 &#8211; S24MI <\/br> <\/br> Un calendrier pratique avec 12 images d&rsquo;\u0153uvres de l&rsquo;artiste expos\u00e9es \u00e0 la Fundaci\u00f3 Pilar i Joan Mir\u00f3 \u00e0 Majorque, o\u00f9 Mir\u00f3 a v\u00e9cu et travaill\u00e9 pendant pr\u00e8s de 30 ans.<\/p>\n","protected":false},"featured_media":34778,"comment_status":"closed","ping_status":"closed","template":"","meta":{"_acf_changed":false,"_monsterinsights_skip_tracking":false,"_monsterinsights_sitenote_active":false,"_monsterinsights_sitenote_note":"","_monsterinsights_sitenote_category":0},"product_brand":[],"product_cat":[15],"product_tag":[],"class_list":{"0":"post-35209","1":"product","2":"type-product","3":"status-publish","4":"has-post-thumbnail","6":"product_cat-sin-categorizar","8":"first","9":"outofstock","10":"purchasable","11":"product-type-simple"},"acf":[],"_links":{"self":[{"href":"https:\/\/triangle.cat\/fr\/wp-json\/wp\/v2\/product\/35209","targetHints":{"allow":["GET"]}}],"collection":[{"href":"https:\/\/triangle.cat\/fr\/wp-json\/wp\/v2\/product"}],"about":[{"href":"https:\/\/triangle.cat\/fr\/wp-json\/wp\/v2\/types\/product"}],"replies":[{"embeddable":true,"href":"https:\/\/triangle.cat\/fr\/wp-json\/wp\/v2\/comments?post=35209"}],"wp:featuredmedia":[{"embeddable":true,"href":"https:\/\/triangle.cat\/fr\/wp-json\/wp\/v2\/media\/34778"}],"wp:attachment":[{"href":"https:\/\/triangle.cat\/fr\/wp-json\/wp\/v2\/media?parent=35209"}],"wp:term":[{"taxonomy":"product_brand","embeddable":true,"href":"https:\/\/triangle.cat\/fr\/wp-json\/wp\/v2\/product_brand?post=35209"},{"taxonomy":"product_cat","embeddable":true,"href":"https:\/\/triangle.cat\/fr\/wp-json\/wp\/v2\/product_cat?post=35209"},{"taxonomy":"product_tag","embeddable":true,"href":"https:\/\/triangle.cat\/fr\/wp-json\/wp\/v2\/product_tag?post=35209"}],"curies":[{"name":"wp","href":"https:\/\/api.w.org\/{rel}","templated":true}]}}