
{"id":35205,"date":"2021-11-03T00:00:00","date_gmt":"2022-05-31T22:00:00","guid":{"rendered":"https:\/\/triangle.cat\/producto\/lluis-domenech-i-montaner-3\/"},"modified":"2023-11-02T10:10:24","modified_gmt":"2023-11-02T08:10:24","slug":"lluis-domenech-i-montaner-3","status":"publish","type":"product","link":"https:\/\/triangle.cat\/fr\/producto\/lluis-domenech-i-montaner-3\/","title":{"rendered":"Llu\u00eds Domenech i Montaner"},"content":{"rendered":"","protected":false},"excerpt":{"rendered":"<p>ISBN: 842-44-5524-087-3 &#8211; S24LDM <\/br> <\/br> Accompagnez cette ann\u00e9e 2024 avec l&rsquo;\u0153uvre organique, color\u00e9e et d&rsquo;une beaut\u00e9 exceptionnelle de Llu\u00eds Domenech i Montaner, un artiste qui transcende toutes les barri\u00e8res culturelles et temporelles.<\/p>\n","protected":false},"featured_media":34742,"comment_status":"closed","ping_status":"open","template":"","meta":{"_acf_changed":false,"_monsterinsights_skip_tracking":false,"_monsterinsights_sitenote_active":false,"_monsterinsights_sitenote_note":"","_monsterinsights_sitenote_category":0},"product_brand":[],"product_cat":[15],"product_tag":[],"class_list":{"0":"post-35205","1":"product","2":"type-product","3":"status-publish","4":"has-post-thumbnail","6":"product_cat-sin-categorizar","8":"first","9":"outofstock","10":"purchasable","11":"product-type-simple"},"acf":[],"_links":{"self":[{"href":"https:\/\/triangle.cat\/fr\/wp-json\/wp\/v2\/product\/35205","targetHints":{"allow":["GET"]}}],"collection":[{"href":"https:\/\/triangle.cat\/fr\/wp-json\/wp\/v2\/product"}],"about":[{"href":"https:\/\/triangle.cat\/fr\/wp-json\/wp\/v2\/types\/product"}],"replies":[{"embeddable":true,"href":"https:\/\/triangle.cat\/fr\/wp-json\/wp\/v2\/comments?post=35205"}],"wp:featuredmedia":[{"embeddable":true,"href":"https:\/\/triangle.cat\/fr\/wp-json\/wp\/v2\/media\/34742"}],"wp:attachment":[{"href":"https:\/\/triangle.cat\/fr\/wp-json\/wp\/v2\/media?parent=35205"}],"wp:term":[{"taxonomy":"product_brand","embeddable":true,"href":"https:\/\/triangle.cat\/fr\/wp-json\/wp\/v2\/product_brand?post=35205"},{"taxonomy":"product_cat","embeddable":true,"href":"https:\/\/triangle.cat\/fr\/wp-json\/wp\/v2\/product_cat?post=35205"},{"taxonomy":"product_tag","embeddable":true,"href":"https:\/\/triangle.cat\/fr\/wp-json\/wp\/v2\/product_tag?post=35205"}],"curies":[{"name":"wp","href":"https:\/\/api.w.org\/{rel}","templated":true}]}}