
{"id":35198,"date":"2021-11-03T00:00:00","date_gmt":"2022-05-31T22:00:00","guid":{"rendered":"https:\/\/triangle.cat\/producto\/costa-blanca-6\/"},"modified":"2023-11-02T10:07:22","modified_gmt":"2023-11-02T08:07:22","slug":"costa-blanca-6","status":"publish","type":"product","link":"https:\/\/triangle.cat\/fr\/producto\/costa-blanca-6\/","title":{"rendered":"Costa Blanca"},"content":{"rendered":"","protected":false},"excerpt":{"rendered":"<p>ISBN: 842-44-5524-078-1 &#8211; S24BL <\/br> <\/br> Venez sur la Costa Blanca, avec notre calendrier pour 2024. Plus de 200 km de plages m\u00e9diterran\u00e9ennes, de criques et de falaises, de D\u00e9nia \u00e0 Pilar de la Horadada.<\/p>\n","protected":false},"featured_media":34687,"comment_status":"closed","ping_status":"open","template":"","meta":{"_acf_changed":false,"_monsterinsights_skip_tracking":false,"_monsterinsights_sitenote_active":false,"_monsterinsights_sitenote_note":"","_monsterinsights_sitenote_category":0},"product_brand":[],"product_cat":[15],"product_tag":[],"class_list":{"0":"post-35198","1":"product","2":"type-product","3":"status-publish","4":"has-post-thumbnail","6":"product_cat-sin-categorizar","8":"first","9":"outofstock","10":"purchasable","11":"product-type-simple"},"acf":[],"_links":{"self":[{"href":"https:\/\/triangle.cat\/fr\/wp-json\/wp\/v2\/product\/35198","targetHints":{"allow":["GET"]}}],"collection":[{"href":"https:\/\/triangle.cat\/fr\/wp-json\/wp\/v2\/product"}],"about":[{"href":"https:\/\/triangle.cat\/fr\/wp-json\/wp\/v2\/types\/product"}],"replies":[{"embeddable":true,"href":"https:\/\/triangle.cat\/fr\/wp-json\/wp\/v2\/comments?post=35198"}],"wp:featuredmedia":[{"embeddable":true,"href":"https:\/\/triangle.cat\/fr\/wp-json\/wp\/v2\/media\/34687"}],"wp:attachment":[{"href":"https:\/\/triangle.cat\/fr\/wp-json\/wp\/v2\/media?parent=35198"}],"wp:term":[{"taxonomy":"product_brand","embeddable":true,"href":"https:\/\/triangle.cat\/fr\/wp-json\/wp\/v2\/product_brand?post=35198"},{"taxonomy":"product_cat","embeddable":true,"href":"https:\/\/triangle.cat\/fr\/wp-json\/wp\/v2\/product_cat?post=35198"},{"taxonomy":"product_tag","embeddable":true,"href":"https:\/\/triangle.cat\/fr\/wp-json\/wp\/v2\/product_tag?post=35198"}],"curies":[{"name":"wp","href":"https:\/\/api.w.org\/{rel}","templated":true}]}}