
{"id":35193,"date":"2021-11-03T00:00:00","date_gmt":"2022-05-31T22:00:00","guid":{"rendered":"https:\/\/triangle.cat\/producto\/creation-de-tapisserie-cathedrale-de-gerone\/"},"modified":"2023-11-02T10:05:36","modified_gmt":"2023-11-02T08:05:36","slug":"creation-de-tapisserie-cathedrale-de-gerone","status":"publish","type":"product","link":"https:\/\/triangle.cat\/fr\/producto\/creation-de-tapisserie-cathedrale-de-gerone\/","title":{"rendered":"Cr\u00e9ation de tapisserie (Cath\u00e9drale de G\u00e9rone)"},"content":{"rendered":"","protected":false},"excerpt":{"rendered":"<p>ISBN: 842-44-5524-073-6 &#8211; 24TC <\/br> <\/br> De style roman et datant de la premi\u00e8re moiti\u00e9 du XIIe si\u00e8cle, le Tap\u00eds de la Creaci\u00f3 est une \u0153uvre inestimable d&rsquo;une beaut\u00e9 exquise que la cath\u00e9drale de G\u00e9rone expose avec fiert\u00e9. D\u00e9couvrez-le \u00e0 travers les 12 d\u00e9tails que nous vous pr\u00e9sentons dans ce calendrier exclusif.<\/p>\n","protected":false},"featured_media":34634,"comment_status":"closed","ping_status":"open","template":"","meta":{"_acf_changed":false,"_monsterinsights_skip_tracking":false,"_monsterinsights_sitenote_active":false,"_monsterinsights_sitenote_note":"","_monsterinsights_sitenote_category":0},"product_brand":[],"product_cat":[15],"product_tag":[],"class_list":{"0":"post-35193","1":"product","2":"type-product","3":"status-publish","4":"has-post-thumbnail","6":"product_cat-sin-categorizar","8":"first","9":"outofstock","10":"purchasable","11":"product-type-simple"},"acf":[],"_links":{"self":[{"href":"https:\/\/triangle.cat\/fr\/wp-json\/wp\/v2\/product\/35193","targetHints":{"allow":["GET"]}}],"collection":[{"href":"https:\/\/triangle.cat\/fr\/wp-json\/wp\/v2\/product"}],"about":[{"href":"https:\/\/triangle.cat\/fr\/wp-json\/wp\/v2\/types\/product"}],"replies":[{"embeddable":true,"href":"https:\/\/triangle.cat\/fr\/wp-json\/wp\/v2\/comments?post=35193"}],"wp:featuredmedia":[{"embeddable":true,"href":"https:\/\/triangle.cat\/fr\/wp-json\/wp\/v2\/media\/34634"}],"wp:attachment":[{"href":"https:\/\/triangle.cat\/fr\/wp-json\/wp\/v2\/media?parent=35193"}],"wp:term":[{"taxonomy":"product_brand","embeddable":true,"href":"https:\/\/triangle.cat\/fr\/wp-json\/wp\/v2\/product_brand?post=35193"},{"taxonomy":"product_cat","embeddable":true,"href":"https:\/\/triangle.cat\/fr\/wp-json\/wp\/v2\/product_cat?post=35193"},{"taxonomy":"product_tag","embeddable":true,"href":"https:\/\/triangle.cat\/fr\/wp-json\/wp\/v2\/product_tag?post=35193"}],"curies":[{"name":"wp","href":"https:\/\/api.w.org\/{rel}","templated":true}]}}