
{"id":35191,"date":"2021-11-03T00:00:00","date_gmt":"2022-05-31T22:00:00","guid":{"rendered":"https:\/\/triangle.cat\/producto\/basilica-de-la-sagrada-familia\/"},"modified":"2023-11-02T10:04:45","modified_gmt":"2023-11-02T08:04:45","slug":"basilica-de-la-sagrada-familia-4","status":"publish","type":"product","link":"https:\/\/triangle.cat\/fr\/producto\/basilica-de-la-sagrada-familia-4\/","title":{"rendered":"Bas\u00edlica de la Sagrada Fam\u00edlia"},"content":{"rendered":"","protected":false},"excerpt":{"rendered":"<p>ISBN: 842-44-5524-071-2 &#8211; 24SF1 <\/br> <\/br> Formes sinueuses, jeux de lumi\u00e8re fascinants, solutions architecturales innovantes. C&rsquo;est tout cela et bien plus encore que l&rsquo;on retrouve dans la Sagrada Fam\u00edlia d&rsquo;Antoni Gaud\u00ed, son chef-d&rsquo;\u0153uvre et un lieu o\u00f9 sa cr\u00e9ativit\u00e9 s&rsquo;exprime pleinement. 12 images qui vous transporteront dans l&rsquo;univers magique de ce g\u00e9nie universel.<\/p>\n","protected":false},"featured_media":34608,"comment_status":"closed","ping_status":"open","template":"","meta":{"_acf_changed":false,"_monsterinsights_skip_tracking":false,"_monsterinsights_sitenote_active":false,"_monsterinsights_sitenote_note":"","_monsterinsights_sitenote_category":0},"product_brand":[],"product_cat":[15],"product_tag":[],"class_list":{"0":"post-35191","1":"product","2":"type-product","3":"status-publish","4":"has-post-thumbnail","6":"product_cat-sin-categorizar","8":"first","9":"outofstock","10":"purchasable","11":"product-type-simple"},"acf":[],"_links":{"self":[{"href":"https:\/\/triangle.cat\/fr\/wp-json\/wp\/v2\/product\/35191","targetHints":{"allow":["GET"]}}],"collection":[{"href":"https:\/\/triangle.cat\/fr\/wp-json\/wp\/v2\/product"}],"about":[{"href":"https:\/\/triangle.cat\/fr\/wp-json\/wp\/v2\/types\/product"}],"replies":[{"embeddable":true,"href":"https:\/\/triangle.cat\/fr\/wp-json\/wp\/v2\/comments?post=35191"}],"wp:featuredmedia":[{"embeddable":true,"href":"https:\/\/triangle.cat\/fr\/wp-json\/wp\/v2\/media\/34608"}],"wp:attachment":[{"href":"https:\/\/triangle.cat\/fr\/wp-json\/wp\/v2\/media?parent=35191"}],"wp:term":[{"taxonomy":"product_brand","embeddable":true,"href":"https:\/\/triangle.cat\/fr\/wp-json\/wp\/v2\/product_brand?post=35191"},{"taxonomy":"product_cat","embeddable":true,"href":"https:\/\/triangle.cat\/fr\/wp-json\/wp\/v2\/product_cat?post=35191"},{"taxonomy":"product_tag","embeddable":true,"href":"https:\/\/triangle.cat\/fr\/wp-json\/wp\/v2\/product_tag?post=35191"}],"curies":[{"name":"wp","href":"https:\/\/api.w.org\/{rel}","templated":true}]}}