
{"id":35175,"date":"2021-11-03T00:00:00","date_gmt":"2022-05-31T22:00:00","guid":{"rendered":"https:\/\/triangle.cat\/producto\/costa-blanca-4\/"},"modified":"2023-11-02T09:58:00","modified_gmt":"2023-11-02T07:58:00","slug":"costa-blanca-4","status":"publish","type":"product","link":"https:\/\/triangle.cat\/fr\/producto\/costa-blanca-4\/","title":{"rendered":"Costa Blanca"},"content":{"rendered":"","protected":false},"excerpt":{"rendered":"<p>ISBN: 842-44-5524-053-8 &#8211; 24BL-A <\/br> <\/br> Des paysages d&rsquo;une beaut\u00e9 extraordinaire parsem\u00e9s de villages qui semblent con\u00e7us pour \u00eatre photographi\u00e9s. La Costa Blanca est sans aucun doute un territoire privil\u00e9gi\u00e9 que nous voulons vous faire d\u00e9couvrir \u00e0 travers de notre s\u00e9lection d&rsquo;images.<\/p>\n","protected":false},"featured_media":34420,"comment_status":"closed","ping_status":"open","template":"","meta":{"_acf_changed":false,"_monsterinsights_skip_tracking":false,"_monsterinsights_sitenote_active":false,"_monsterinsights_sitenote_note":"","_monsterinsights_sitenote_category":0},"product_brand":[],"product_cat":[15],"product_tag":[],"class_list":{"0":"post-35175","1":"product","2":"type-product","3":"status-publish","4":"has-post-thumbnail","6":"product_cat-sin-categorizar","8":"first","9":"outofstock","10":"purchasable","11":"product-type-simple"},"acf":[],"_links":{"self":[{"href":"https:\/\/triangle.cat\/fr\/wp-json\/wp\/v2\/product\/35175","targetHints":{"allow":["GET"]}}],"collection":[{"href":"https:\/\/triangle.cat\/fr\/wp-json\/wp\/v2\/product"}],"about":[{"href":"https:\/\/triangle.cat\/fr\/wp-json\/wp\/v2\/types\/product"}],"replies":[{"embeddable":true,"href":"https:\/\/triangle.cat\/fr\/wp-json\/wp\/v2\/comments?post=35175"}],"wp:featuredmedia":[{"embeddable":true,"href":"https:\/\/triangle.cat\/fr\/wp-json\/wp\/v2\/media\/34420"}],"wp:attachment":[{"href":"https:\/\/triangle.cat\/fr\/wp-json\/wp\/v2\/media?parent=35175"}],"wp:term":[{"taxonomy":"product_brand","embeddable":true,"href":"https:\/\/triangle.cat\/fr\/wp-json\/wp\/v2\/product_brand?post=35175"},{"taxonomy":"product_cat","embeddable":true,"href":"https:\/\/triangle.cat\/fr\/wp-json\/wp\/v2\/product_cat?post=35175"},{"taxonomy":"product_tag","embeddable":true,"href":"https:\/\/triangle.cat\/fr\/wp-json\/wp\/v2\/product_tag?post=35175"}],"curies":[{"name":"wp","href":"https:\/\/api.w.org\/{rel}","templated":true}]}}