
{"id":35144,"date":"2021-11-03T00:00:00","date_gmt":"2022-05-31T22:00:00","guid":{"rendered":"https:\/\/triangle.cat\/producto\/gaudi-1-a-batllo\/"},"modified":"2023-11-02T09:45:30","modified_gmt":"2023-11-02T07:45:30","slug":"gaudi-1-a-batllo","status":"publish","type":"product","link":"https:\/\/triangle.cat\/fr\/producto\/gaudi-1-a-batllo\/","title":{"rendered":"Gaud\u00ed-1 A (Batll\u00f3)"},"content":{"rendered":"","protected":false},"excerpt":{"rendered":"<p>ISBN: 842-44-5524-024-8 &#8211; 24GG1-A <\/br> <\/br> D\u00e9couvrez l&rsquo;\u0153uvre fascinante de Gaud\u00ed gr\u00e2ce \u00e0 ces 12 images qui vous rapprocheront de la magie des cr\u00e9ations du g\u00e9nial architecte catalan.<\/p>\n","protected":false},"featured_media":34009,"comment_status":"closed","ping_status":"open","template":"","meta":{"_acf_changed":false,"_monsterinsights_skip_tracking":false,"_monsterinsights_sitenote_active":false,"_monsterinsights_sitenote_note":"","_monsterinsights_sitenote_category":0},"product_brand":[],"product_cat":[15],"product_tag":[],"class_list":{"0":"post-35144","1":"product","2":"type-product","3":"status-publish","4":"has-post-thumbnail","6":"product_cat-sin-categorizar","8":"first","9":"outofstock","10":"purchasable","11":"product-type-simple"},"acf":[],"_links":{"self":[{"href":"https:\/\/triangle.cat\/fr\/wp-json\/wp\/v2\/product\/35144","targetHints":{"allow":["GET"]}}],"collection":[{"href":"https:\/\/triangle.cat\/fr\/wp-json\/wp\/v2\/product"}],"about":[{"href":"https:\/\/triangle.cat\/fr\/wp-json\/wp\/v2\/types\/product"}],"replies":[{"embeddable":true,"href":"https:\/\/triangle.cat\/fr\/wp-json\/wp\/v2\/comments?post=35144"}],"wp:featuredmedia":[{"embeddable":true,"href":"https:\/\/triangle.cat\/fr\/wp-json\/wp\/v2\/media\/34009"}],"wp:attachment":[{"href":"https:\/\/triangle.cat\/fr\/wp-json\/wp\/v2\/media?parent=35144"}],"wp:term":[{"taxonomy":"product_brand","embeddable":true,"href":"https:\/\/triangle.cat\/fr\/wp-json\/wp\/v2\/product_brand?post=35144"},{"taxonomy":"product_cat","embeddable":true,"href":"https:\/\/triangle.cat\/fr\/wp-json\/wp\/v2\/product_cat?post=35144"},{"taxonomy":"product_tag","embeddable":true,"href":"https:\/\/triangle.cat\/fr\/wp-json\/wp\/v2\/product_tag?post=35144"}],"curies":[{"name":"wp","href":"https:\/\/api.w.org\/{rel}","templated":true}]}}