
{"id":32972,"date":"2023-07-28T14:19:14","date_gmt":"2023-08-06T14:41:46","guid":{"rendered":"https:\/\/www.triangle.cat\/producto\/gaudi-8\/"},"modified":"2023-08-07T18:07:15","modified_gmt":"2023-08-07T16:07:15","slug":"gaudi-8","status":"publish","type":"product","link":"https:\/\/triangle.cat\/fr\/producto\/gaudi-8\/","title":{"rendered":"Gaud\u00ed"},"content":{"rendered":"","protected":false},"excerpt":{"rendered":"<p>C\u2019est toi qui choisis la COULEUR des b\u00e2timents de Gaud\u00ed. Un lot de cartes postales pour t\u2019amuser o\u00f9 que tu sois et envoyer tes spectaculaires cr\u00e9ations \u00e0 tes amis et \u00e0 ta famille. Tu pourras colorier tout, absolument tout\u00a0: les tours de la Sagrada Fam\u00edlia, les chemin\u00e9es du Palau G\u00fcell, les balcons et le toit en terrasse de la Pedrera, la fa\u00e7ade de la Casa Vicens, le dragon du Park G\u00fcell ou le couronnement de la Casa Batll\u00f3\u00a0! Un beau m\u00e9lange de cr\u00e9ativit\u00e9, de divertissement et d\u2019apprentissage\u00a0!<\/p>\n","protected":false},"featured_media":31711,"comment_status":"closed","ping_status":"closed","template":"","meta":{"_acf_changed":false,"_monsterinsights_skip_tracking":false,"_monsterinsights_sitenote_active":false,"_monsterinsights_sitenote_note":"","_monsterinsights_sitenote_category":0},"product_brand":[],"product_cat":[1912,1563],"product_tag":[],"class_list":{"0":"post-32972","1":"product","2":"type-product","3":"status-publish","4":"has-post-thumbnail","6":"product_cat-llibres-infantils-fr","7":"product_cat-pour-enfants","9":"first","10":"instock","11":"taxable","12":"shipping-taxable","13":"purchasable","14":"product-type-simple"},"acf":[],"_links":{"self":[{"href":"https:\/\/triangle.cat\/fr\/wp-json\/wp\/v2\/product\/32972","targetHints":{"allow":["GET"]}}],"collection":[{"href":"https:\/\/triangle.cat\/fr\/wp-json\/wp\/v2\/product"}],"about":[{"href":"https:\/\/triangle.cat\/fr\/wp-json\/wp\/v2\/types\/product"}],"replies":[{"embeddable":true,"href":"https:\/\/triangle.cat\/fr\/wp-json\/wp\/v2\/comments?post=32972"}],"wp:featuredmedia":[{"embeddable":true,"href":"https:\/\/triangle.cat\/fr\/wp-json\/wp\/v2\/media\/31711"}],"wp:attachment":[{"href":"https:\/\/triangle.cat\/fr\/wp-json\/wp\/v2\/media?parent=32972"}],"wp:term":[{"taxonomy":"product_brand","embeddable":true,"href":"https:\/\/triangle.cat\/fr\/wp-json\/wp\/v2\/product_brand?post=32972"},{"taxonomy":"product_cat","embeddable":true,"href":"https:\/\/triangle.cat\/fr\/wp-json\/wp\/v2\/product_cat?post=32972"},{"taxonomy":"product_tag","embeddable":true,"href":"https:\/\/triangle.cat\/fr\/wp-json\/wp\/v2\/product_tag?post=32972"}],"curies":[{"name":"wp","href":"https:\/\/api.w.org\/{rel}","templated":true}]}}