
{"id":32971,"date":"2023-07-27T15:19:55","date_gmt":"2023-07-07T14:41:42","guid":{"rendered":"https:\/\/www.triangle.cat\/producto\/les-grandes-traversees-de-catalogne-3\/"},"modified":"2023-08-07T18:12:28","modified_gmt":"2023-08-07T16:12:28","slug":"les-grandes-traversees-de-catalogne-3","status":"publish","type":"product","link":"https:\/\/triangle.cat\/fr\/producto\/les-grandes-traversees-de-catalogne-3\/","title":{"rendered":"Les Grandes Travers\u00e9es de Catalogne. Vol 2"},"content":{"rendered":"","protected":false},"excerpt":{"rendered":"<p>Dans le deuxi\u00e8me tome, place est faite aux routes historiques. En m\u00e9moire des Cathares, on y traversera la Catalogne et les Pyr\u00e9n\u00e9es pour s\u2019enfoncer en Occitanie, on visitera les trois grandes abbayes cisterciennes de Catalogne et, r\u00e9solument tourn\u00e9s vers le sud, on y parcourra, les montagnes de Prades, le Montsant et le massif d\u2019El Port. Bonne travers\u00e9e\u00a0!<\/p>\n","protected":false},"featured_media":31691,"comment_status":"closed","ping_status":"closed","template":"","meta":{"_acf_changed":false,"_monsterinsights_skip_tracking":false,"_monsterinsights_sitenote_active":false,"_monsterinsights_sitenote_note":"","_monsterinsights_sitenote_category":0},"product_brand":[],"product_cat":[1542,1504,1522],"product_tag":[961],"class_list":{"0":"post-32971","1":"product","2":"type-product","3":"status-publish","4":"has-post-thumbnail","6":"product_cat-catalogne-fr","7":"product_cat-catalogne","8":"product_cat-randonnee-et-velo","9":"product_tag-catalan-fr","11":"first","12":"instock","13":"taxable","14":"shipping-taxable","15":"purchasable","16":"product-type-simple"},"acf":[],"_links":{"self":[{"href":"https:\/\/triangle.cat\/fr\/wp-json\/wp\/v2\/product\/32971","targetHints":{"allow":["GET"]}}],"collection":[{"href":"https:\/\/triangle.cat\/fr\/wp-json\/wp\/v2\/product"}],"about":[{"href":"https:\/\/triangle.cat\/fr\/wp-json\/wp\/v2\/types\/product"}],"replies":[{"embeddable":true,"href":"https:\/\/triangle.cat\/fr\/wp-json\/wp\/v2\/comments?post=32971"}],"wp:featuredmedia":[{"embeddable":true,"href":"https:\/\/triangle.cat\/fr\/wp-json\/wp\/v2\/media\/31691"}],"wp:attachment":[{"href":"https:\/\/triangle.cat\/fr\/wp-json\/wp\/v2\/media?parent=32971"}],"wp:term":[{"taxonomy":"product_brand","embeddable":true,"href":"https:\/\/triangle.cat\/fr\/wp-json\/wp\/v2\/product_brand?post=32971"},{"taxonomy":"product_cat","embeddable":true,"href":"https:\/\/triangle.cat\/fr\/wp-json\/wp\/v2\/product_cat?post=32971"},{"taxonomy":"product_tag","embeddable":true,"href":"https:\/\/triangle.cat\/fr\/wp-json\/wp\/v2\/product_tag?post=32971"}],"curies":[{"name":"wp","href":"https:\/\/api.w.org\/{rel}","templated":true}]}}