
{"id":32970,"date":"2023-07-27T15:18:49","date_gmt":"2023-07-07T14:41:38","guid":{"rendered":"https:\/\/www.triangle.cat\/producto\/les-grandes-traversees-de-catalogne-2\/"},"modified":"2023-08-07T18:11:34","modified_gmt":"2023-08-07T16:11:34","slug":"les-grandes-traversees-de-catalogne-2","status":"publish","type":"product","link":"https:\/\/triangle.cat\/fr\/producto\/les-grandes-traversees-de-catalogne-2\/","title":{"rendered":"Les Grandes Travers\u00e9es de Catalogne. Vol 2"},"content":{"rendered":"","protected":false},"excerpt":{"rendered":"<p>Le premier tome est consacr\u00e9 \u00e0 la haute montagne pyr\u00e9n\u00e9enne\u00a0: les itin\u00e9raires d\u00e9crits passent par le parc national d\u2019Aig\u00fcestortes i Sant Maurici, par le Val d\u2019Aran et l\u2019Ari\u00e8ge, par le Cad\u00ed-Moixer\u00f3, par le massif du Pedraforca et par les chemins de p\u00e8lerinage de la vall\u00e9e de N\u00faria. Bonne travers\u00e9e\u00a0!<\/p>\n","protected":false},"featured_media":31687,"comment_status":"closed","ping_status":"closed","template":"","meta":{"_acf_changed":false,"_monsterinsights_skip_tracking":false,"_monsterinsights_sitenote_active":false,"_monsterinsights_sitenote_note":"","_monsterinsights_sitenote_category":0},"product_brand":[],"product_cat":[1542,1504,1522],"product_tag":[961],"class_list":{"0":"post-32970","1":"product","2":"type-product","3":"status-publish","4":"has-post-thumbnail","6":"product_cat-catalogne-fr","7":"product_cat-catalogne","8":"product_cat-randonnee-et-velo","9":"product_tag-catalan-fr","10":"pa_idioma-catalan-fr","12":"first","13":"instock","14":"taxable","15":"shipping-taxable","16":"purchasable","17":"product-type-simple"},"acf":[],"_links":{"self":[{"href":"https:\/\/triangle.cat\/fr\/wp-json\/wp\/v2\/product\/32970","targetHints":{"allow":["GET"]}}],"collection":[{"href":"https:\/\/triangle.cat\/fr\/wp-json\/wp\/v2\/product"}],"about":[{"href":"https:\/\/triangle.cat\/fr\/wp-json\/wp\/v2\/types\/product"}],"replies":[{"embeddable":true,"href":"https:\/\/triangle.cat\/fr\/wp-json\/wp\/v2\/comments?post=32970"}],"wp:featuredmedia":[{"embeddable":true,"href":"https:\/\/triangle.cat\/fr\/wp-json\/wp\/v2\/media\/31687"}],"wp:attachment":[{"href":"https:\/\/triangle.cat\/fr\/wp-json\/wp\/v2\/media?parent=32970"}],"wp:term":[{"taxonomy":"product_brand","embeddable":true,"href":"https:\/\/triangle.cat\/fr\/wp-json\/wp\/v2\/product_brand?post=32970"},{"taxonomy":"product_cat","embeddable":true,"href":"https:\/\/triangle.cat\/fr\/wp-json\/wp\/v2\/product_cat?post=32970"},{"taxonomy":"product_tag","embeddable":true,"href":"https:\/\/triangle.cat\/fr\/wp-json\/wp\/v2\/product_tag?post=32970"}],"curies":[{"name":"wp","href":"https:\/\/api.w.org\/{rel}","templated":true}]}}