
{"id":32969,"date":"2023-07-28T15:17:36","date_gmt":"2023-08-07T14:41:35","guid":{"rendered":"https:\/\/www.triangle.cat\/producto\/les-grandes-traversees-de-catalogne\/"},"modified":"2024-06-05T21:26:27","modified_gmt":"2024-06-05T19:26:27","slug":"les-grandes-traversees-de-catalogne","status":"publish","type":"product","link":"https:\/\/triangle.cat\/fr\/producto\/les-grandes-traversees-de-catalogne\/","title":{"rendered":"Les Grandes Travers\u00e9es de Catalogne"},"content":{"rendered":"","protected":false},"excerpt":{"rendered":"<p>R\u00e9parti en deux tomes, ce guide offre aux randonneurs la description d\u00e9taill\u00e9e, \u00e9tape par \u00e9tape, des 10 Grandes travers\u00e9es de Catalogne, \u00e0 grand renfort de cartes, de profils et de tracks, de recommandations concernant la signal\u00e9tique, le transport et l\u2019h\u00e9bergement, sans compter toutes les infos techniques n\u00e9cessaires pour randonner en toute s\u00e9curit\u00e9. Le premier tome est consacr\u00e9 \u00e0 la haute montagne pyr\u00e9n\u00e9enne\u00a0: les itin\u00e9raires d\u00e9crits passent par le parc national d\u2019Aig\u00fcestortes i Sant Maurici, par le Val d\u2019Aran et l\u2019Ari\u00e8ge, par le Cad\u00ed-Moixer\u00f3, par le massif du Pedraforca et par les chemins de p\u00e8lerinage de la vall\u00e9e de N\u00faria.  Dans le deuxi\u00e8me tome, place est faite aux routes historiques. En m\u00e9moire des Cathares, on y traversera la Catalogne et les Pyr\u00e9n\u00e9es pour s\u2019enfoncer en Occitanie, on visitera les trois grandes abbayes cisterciennes de Catalogne et, r\u00e9solument tourn\u00e9s vers le sud, on y parcourra, les montagnes de Prades, le Montsant et le massif d\u2019El Port.  Bonne travers\u00e9e\u00a0!<\/p>\n","protected":false},"featured_media":31683,"comment_status":"closed","ping_status":"closed","template":"","meta":{"_acf_changed":false,"_monsterinsights_skip_tracking":false,"_monsterinsights_sitenote_active":false,"_monsterinsights_sitenote_note":"","_monsterinsights_sitenote_category":0},"product_brand":[],"product_cat":[1542,1504,1522],"product_tag":[961],"class_list":{"0":"post-32969","1":"product","2":"type-product","3":"status-publish","4":"has-post-thumbnail","6":"product_cat-catalogne-fr","7":"product_cat-catalogne","8":"product_cat-randonnee-et-velo","9":"product_tag-catalan-fr","10":"pa_idioma-catalan-fr","12":"first","13":"instock","14":"taxable","15":"shipping-taxable","16":"purchasable","17":"product-type-simple"},"acf":[],"_links":{"self":[{"href":"https:\/\/triangle.cat\/fr\/wp-json\/wp\/v2\/product\/32969","targetHints":{"allow":["GET"]}}],"collection":[{"href":"https:\/\/triangle.cat\/fr\/wp-json\/wp\/v2\/product"}],"about":[{"href":"https:\/\/triangle.cat\/fr\/wp-json\/wp\/v2\/types\/product"}],"replies":[{"embeddable":true,"href":"https:\/\/triangle.cat\/fr\/wp-json\/wp\/v2\/comments?post=32969"}],"wp:featuredmedia":[{"embeddable":true,"href":"https:\/\/triangle.cat\/fr\/wp-json\/wp\/v2\/media\/31683"}],"wp:attachment":[{"href":"https:\/\/triangle.cat\/fr\/wp-json\/wp\/v2\/media?parent=32969"}],"wp:term":[{"taxonomy":"product_brand","embeddable":true,"href":"https:\/\/triangle.cat\/fr\/wp-json\/wp\/v2\/product_brand?post=32969"},{"taxonomy":"product_cat","embeddable":true,"href":"https:\/\/triangle.cat\/fr\/wp-json\/wp\/v2\/product_cat?post=32969"},{"taxonomy":"product_tag","embeddable":true,"href":"https:\/\/triangle.cat\/fr\/wp-json\/wp\/v2\/product_tag?post=32969"}],"curies":[{"name":"wp","href":"https:\/\/api.w.org\/{rel}","templated":true}]}}