
{"id":32964,"date":"2023-07-28T19:05:33","date_gmt":"2023-08-07T14:41:16","guid":{"rendered":"https:\/\/www.triangle.cat\/producto\/les-couleurs-de-collioure\/"},"modified":"2023-08-07T17:49:07","modified_gmt":"2023-08-07T15:49:07","slug":"les-couleurs-de-collioure","status":"publish","type":"product","link":"https:\/\/triangle.cat\/fr\/producto\/les-couleurs-de-collioure\/","title":{"rendered":"Les couleurs de Collioure"},"content":{"rendered":"","protected":false},"excerpt":{"rendered":"<p>En 1905, Collioure est depuis peu desservie par le train en provenance de Paris. Henri Matisse en profite pour louer au village une chambre avec vue sur la mer pour y peindre. Il entra\u00eene avec lui son ami Andr\u00e9 Derain. Cet \u00e9t\u00e9-l\u00e0, tous deux vont produire plus de quarante peintures \u00e0 l\u2019huile ayant pour sujet le paysage, la lumi\u00e8re et les couleurs incandescentes de Collioure.<\/p>\n","protected":false},"featured_media":31679,"comment_status":"closed","ping_status":"closed","template":"","meta":{"_acf_changed":false,"_monsterinsights_skip_tracking":false,"_monsterinsights_sitenote_active":false,"_monsterinsights_sitenote_note":"","_monsterinsights_sitenote_category":0},"product_brand":[],"product_cat":[1504,1542,1560],"product_tag":[],"class_list":{"0":"post-32964","1":"product","2":"type-product","3":"status-publish","4":"has-post-thumbnail","6":"product_cat-catalogne","7":"product_cat-catalogne-fr","8":"product_cat-gerone-costa-brava","9":"pa_idioma-catalan-fr","10":"pa_idioma-english-fr","11":"pa_idioma-espanol-fr-2","12":"pa_idioma-francais-fr-2","14":"first","15":"instock","16":"taxable","17":"shipping-taxable","18":"purchasable","19":"product-type-variable"},"acf":[],"_links":{"self":[{"href":"https:\/\/triangle.cat\/fr\/wp-json\/wp\/v2\/product\/32964","targetHints":{"allow":["GET"]}}],"collection":[{"href":"https:\/\/triangle.cat\/fr\/wp-json\/wp\/v2\/product"}],"about":[{"href":"https:\/\/triangle.cat\/fr\/wp-json\/wp\/v2\/types\/product"}],"replies":[{"embeddable":true,"href":"https:\/\/triangle.cat\/fr\/wp-json\/wp\/v2\/comments?post=32964"}],"wp:featuredmedia":[{"embeddable":true,"href":"https:\/\/triangle.cat\/fr\/wp-json\/wp\/v2\/media\/31679"}],"wp:attachment":[{"href":"https:\/\/triangle.cat\/fr\/wp-json\/wp\/v2\/media?parent=32964"}],"wp:term":[{"taxonomy":"product_brand","embeddable":true,"href":"https:\/\/triangle.cat\/fr\/wp-json\/wp\/v2\/product_brand?post=32964"},{"taxonomy":"product_cat","embeddable":true,"href":"https:\/\/triangle.cat\/fr\/wp-json\/wp\/v2\/product_cat?post=32964"},{"taxonomy":"product_tag","embeddable":true,"href":"https:\/\/triangle.cat\/fr\/wp-json\/wp\/v2\/product_tag?post=32964"}],"curies":[{"name":"wp","href":"https:\/\/api.w.org\/{rel}","templated":true}]}}