
{"id":32963,"date":"2023-07-28T14:11:26","date_gmt":"2023-07-07T14:40:12","guid":{"rendered":"https:\/\/www.triangle.cat\/producto\/des-autocollants-pour-toute-lannee\/"},"modified":"2023-08-07T16:55:53","modified_gmt":"2023-08-07T14:55:53","slug":"des-autocollants-pour-toute-lannee","status":"publish","type":"product","link":"https:\/\/triangle.cat\/fr\/producto\/des-autocollants-pour-toute-lannee\/","title":{"rendered":"Des autocollants pour toute l\u2019ann\u00e9e\u00a0!"},"content":{"rendered":"","protected":false},"excerpt":{"rendered":"<p>Il n\u2019y a pas deux jours pareils\u00a0: personnalise-les en fonction du temps qu\u2019il a fait et de comment la journ\u00e9e s\u2019est pass\u00e9e. \u00c9pingle les anniversaires de toute ta famille et de tes amis. Marque toutes les f\u00eates et c\u00e9l\u00e9brations les plus importantes, les voyages, les vacances, les activit\u00e9s qui te font tr\u00e9pigner d\u2019impatience, et m\u00eame tes l\u00e9gumes de saison pr\u00e9f\u00e9r\u00e9s\u00a0! Fabrique ton propre calendrier de l\u2019Avent \u00e0 l\u2019aide de 24 autocollants originaux. Plus de 200 autocollants gr\u00e2ce auxquels les plus jeunes vont pouvoir cocher les dates les plus sp\u00e9ciales du calendrier de fa\u00e7on originale et amusante.<\/p>\n","protected":false},"featured_media":31715,"comment_status":"closed","ping_status":"closed","template":"","meta":{"_acf_changed":false,"_monsterinsights_skip_tracking":false,"_monsterinsights_sitenote_active":false,"_monsterinsights_sitenote_note":"","_monsterinsights_sitenote_category":0},"product_brand":[],"product_cat":[1563],"product_tag":[],"class_list":{"0":"post-32963","1":"product","2":"type-product","3":"status-publish","4":"has-post-thumbnail","6":"product_cat-pour-enfants","8":"first","9":"instock","10":"taxable","11":"shipping-taxable","12":"purchasable","13":"product-type-simple"},"acf":[],"_links":{"self":[{"href":"https:\/\/triangle.cat\/fr\/wp-json\/wp\/v2\/product\/32963","targetHints":{"allow":["GET"]}}],"collection":[{"href":"https:\/\/triangle.cat\/fr\/wp-json\/wp\/v2\/product"}],"about":[{"href":"https:\/\/triangle.cat\/fr\/wp-json\/wp\/v2\/types\/product"}],"replies":[{"embeddable":true,"href":"https:\/\/triangle.cat\/fr\/wp-json\/wp\/v2\/comments?post=32963"}],"wp:featuredmedia":[{"embeddable":true,"href":"https:\/\/triangle.cat\/fr\/wp-json\/wp\/v2\/media\/31715"}],"wp:attachment":[{"href":"https:\/\/triangle.cat\/fr\/wp-json\/wp\/v2\/media?parent=32963"}],"wp:term":[{"taxonomy":"product_brand","embeddable":true,"href":"https:\/\/triangle.cat\/fr\/wp-json\/wp\/v2\/product_brand?post=32963"},{"taxonomy":"product_cat","embeddable":true,"href":"https:\/\/triangle.cat\/fr\/wp-json\/wp\/v2\/product_cat?post=32963"},{"taxonomy":"product_tag","embeddable":true,"href":"https:\/\/triangle.cat\/fr\/wp-json\/wp\/v2\/product_tag?post=32963"}],"curies":[{"name":"wp","href":"https:\/\/api.w.org\/{rel}","templated":true}]}}