
{"id":32960,"date":"2023-07-28T19:04:41","date_gmt":"2023-08-07T14:39:10","guid":{"rendered":"https:\/\/www.triangle.cat\/producto\/la-legende-de-saint-georges-et-le-dragon-revisitee\/"},"modified":"2024-09-19T11:06:40","modified_gmt":"2024-09-19T09:06:40","slug":"la-legende-de-saint-georges-et-le-dragon-revisitee","status":"publish","type":"product","link":"https:\/\/triangle.cat\/fr\/producto\/la-legende-de-saint-georges-et-le-dragon-revisitee\/","title":{"rendered":"La l\u00e9gende de saint Georges et le Dragon revisit\u00e9e"},"content":{"rendered":"","protected":false},"excerpt":{"rendered":"<p>Le Roi s\u2019ennuie. Pour passer le temps, il clame qu\u2019un dragon merveilleux veut d\u00e9vorer sa fille, Marsenda, et organise une grande partie de chasse. Lorsque la princesse apprend cela, elle d\u00e9cide de mettre fin \u00e0 cette injustice et s\u2019en va parler avec la cr\u00e9ature. Une princesse courageuse, un chevalier peu enclin \u00e0 ferrailler et un dragon qui les invite \u00e0 d\u00e9jeuner. Tous trois fatigu\u00e9s d\u2019ob\u00e9ir \u00e0 des injonctions st\u00e9r\u00e9otyp\u00e9es, comment vont-ils en finir avec ces sottises\u00a0? Une l\u00e9gende actualis\u00e9e, qui d\u00e9ploie \u00e0 l\u2019intention des jeunes lecteurs les concepts d\u2019\u00e9galit\u00e9, de dissidence des r\u00f4les de genre, d\u2019\u00e9cologisme et d\u2019autonomisation des citoyens.<\/p>\n<p><img loading=\"lazy\" decoding=\"async\" class=\"alignnone  wp-image-41548\" src=\"https:\/\/triangle.cat\/wp-content\/uploads\/2024\/07\/IEC.png\" alt=\"\" width=\"245\" height=\"59\" srcset=\"https:\/\/triangle.cat\/wp-content\/uploads\/2024\/07\/IEC.png 524w, https:\/\/triangle.cat\/wp-content\/uploads\/2024\/07\/IEC-450x108.png 450w\" sizes=\"auto, (max-width: 245px) 100vw, 245px\" \/><\/p>\n","protected":false},"featured_media":31709,"comment_status":"closed","ping_status":"closed","template":"","meta":{"_acf_changed":false,"_monsterinsights_skip_tracking":false,"_monsterinsights_sitenote_active":false,"_monsterinsights_sitenote_note":"","_monsterinsights_sitenote_category":0},"product_brand":[],"product_cat":[1566,1912,1563],"product_tag":[961],"class_list":{"0":"post-32960","1":"product","2":"type-product","3":"status-publish","4":"has-post-thumbnail","6":"product_cat-livres-illustres","7":"product_cat-llibres-infantils-fr","8":"product_cat-pour-enfants","9":"product_tag-catalan-fr","10":"pa_idioma-catalan-fr","12":"first","13":"instock","14":"taxable","15":"shipping-taxable","16":"purchasable","17":"product-type-variable"},"acf":[],"_links":{"self":[{"href":"https:\/\/triangle.cat\/fr\/wp-json\/wp\/v2\/product\/32960","targetHints":{"allow":["GET"]}}],"collection":[{"href":"https:\/\/triangle.cat\/fr\/wp-json\/wp\/v2\/product"}],"about":[{"href":"https:\/\/triangle.cat\/fr\/wp-json\/wp\/v2\/types\/product"}],"replies":[{"embeddable":true,"href":"https:\/\/triangle.cat\/fr\/wp-json\/wp\/v2\/comments?post=32960"}],"wp:featuredmedia":[{"embeddable":true,"href":"https:\/\/triangle.cat\/fr\/wp-json\/wp\/v2\/media\/31709"}],"wp:attachment":[{"href":"https:\/\/triangle.cat\/fr\/wp-json\/wp\/v2\/media?parent=32960"}],"wp:term":[{"taxonomy":"product_brand","embeddable":true,"href":"https:\/\/triangle.cat\/fr\/wp-json\/wp\/v2\/product_brand?post=32960"},{"taxonomy":"product_cat","embeddable":true,"href":"https:\/\/triangle.cat\/fr\/wp-json\/wp\/v2\/product_cat?post=32960"},{"taxonomy":"product_tag","embeddable":true,"href":"https:\/\/triangle.cat\/fr\/wp-json\/wp\/v2\/product_tag?post=32960"}],"curies":[{"name":"wp","href":"https:\/\/api.w.org\/{rel}","templated":true}]}}