
{"id":32957,"date":"2023-07-04T18:20:14","date_gmt":"2023-07-07T14:38:53","guid":{"rendered":"https:\/\/www.triangle.cat\/producto\/pirineu-en-familia\/"},"modified":"2025-01-20T16:05:36","modified_gmt":"2025-01-20T14:05:36","slug":"pirineu-en-familia","status":"publish","type":"product","link":"https:\/\/triangle.cat\/fr\/producto\/pirineu-en-familia\/","title":{"rendered":"Les Pyr\u00e9n\u00e9es en famille"},"content":{"rendered":"","protected":false},"excerpt":{"rendered":"<p data-pm-slice=\"1 1 []\">Un livre pens\u00e9 pour vous, enfants et jeunes de 5 \u00e0 15 ans. Et bien s\u00fbr, pour vos familles. Carles Gel, guide de montagne exp\u00e9riment\u00e9 et auteur de nombreuses guides sur les Pyr\u00e9n\u00e9es, vous propose 50 randonn\u00e9es vers les sommets et paysages les plus embl\u00e9matiques des Pyr\u00e9n\u00e9es, sur des chemins et sentiers qui vous emm\u00e8neront dans des lieux inoubliables : vall\u00e9es paradisiaques, cimes \u00e9lanc\u00e9es, lacs fantastiques&#8230; Dans ce premier volume, vous trouverez 50 ascensions et randonn\u00e9es dans les Pyr\u00e9n\u00e9es orientales. 20 sont pour tous les \u00e2ges, 25 \u00e0 partir de 9 ans, et 5 pour les plus de 12 ans. Profitez-en !<\/p>\n","protected":false},"featured_media":30334,"comment_status":"closed","ping_status":"closed","template":"","meta":{"_acf_changed":false,"_monsterinsights_skip_tracking":false,"_monsterinsights_sitenote_active":false,"_monsterinsights_sitenote_note":"","_monsterinsights_sitenote_category":0},"product_brand":[],"product_cat":[1504,1542,1522],"product_tag":[],"class_list":{"0":"post-32957","1":"product","2":"type-product","3":"status-publish","4":"has-post-thumbnail","6":"product_cat-catalogne","7":"product_cat-catalogne-fr","8":"product_cat-randonnee-et-velo","9":"pa_idioma-catalan-fr","10":"pa_idioma-espanol-fr-2","12":"first","13":"instock","14":"sold-individually","15":"taxable","16":"shipping-taxable","17":"purchasable","18":"product-type-variable"},"acf":[],"_links":{"self":[{"href":"https:\/\/triangle.cat\/fr\/wp-json\/wp\/v2\/product\/32957","targetHints":{"allow":["GET"]}}],"collection":[{"href":"https:\/\/triangle.cat\/fr\/wp-json\/wp\/v2\/product"}],"about":[{"href":"https:\/\/triangle.cat\/fr\/wp-json\/wp\/v2\/types\/product"}],"replies":[{"embeddable":true,"href":"https:\/\/triangle.cat\/fr\/wp-json\/wp\/v2\/comments?post=32957"}],"wp:featuredmedia":[{"embeddable":true,"href":"https:\/\/triangle.cat\/fr\/wp-json\/wp\/v2\/media\/30334"}],"wp:attachment":[{"href":"https:\/\/triangle.cat\/fr\/wp-json\/wp\/v2\/media?parent=32957"}],"wp:term":[{"taxonomy":"product_brand","embeddable":true,"href":"https:\/\/triangle.cat\/fr\/wp-json\/wp\/v2\/product_brand?post=32957"},{"taxonomy":"product_cat","embeddable":true,"href":"https:\/\/triangle.cat\/fr\/wp-json\/wp\/v2\/product_cat?post=32957"},{"taxonomy":"product_tag","embeddable":true,"href":"https:\/\/triangle.cat\/fr\/wp-json\/wp\/v2\/product_tag?post=32957"}],"curies":[{"name":"wp","href":"https:\/\/api.w.org\/{rel}","templated":true}]}}