
{"id":32457,"date":"2023-08-07T16:45:18","date_gmt":"2023-08-02T21:48:00","guid":{"rendered":"https:\/\/www.triangle.cat\/producto\/lluis-domenech-i-montaner-2\/"},"modified":"2023-11-17T16:10:34","modified_gmt":"2023-11-17T14:10:34","slug":"lluis-domenech-i-montaner","status":"publish","type":"product","link":"https:\/\/triangle.cat\/fr\/producto\/lluis-domenech-i-montaner\/","title":{"rendered":"Llu\u00eds Dom\u00e8nech i Montaner"},"content":{"rendered":"","protected":false},"excerpt":{"rendered":"<p>[display_stock_alert_form]<\/p>\n<p>L\u2019ann\u00e9e du centenaire de la mort de Llu\u00eds Dom\u00e8nech i Montaner, Triangle Books a r\u00e9uni dans un seul livre les meilleurs sp\u00e9cialistes de Dom\u00e8nech en g\u00e9n\u00e9ral et de ses b\u00e2timents en particulier pour comprendre la personnalit\u00e9 aux multiples facettes et interpr\u00e9ter le travail d\u2019un architecte cl\u00e9 dans l\u2019histoire de l\u2019art europ\u00e9en. L\u2019ouvrage d\u00e9bute par quelques articles introductifs qui pr\u00e9sentent l\u2019architecte dans le contexte de l\u2019Art Nouveau europ\u00e9en et expliquent ses diff\u00e9rentes facettes : civique, politique, acad\u00e9mique&#8230; et se poursuit par les monographies de ses b\u00e2timents, de la maison d\u2019\u00e9dition Montaner i Simon (1979-1881 ) \u00e0 la Casa Fuster (1908-1911) en passant, bien s\u00fbr, par le Palau de la M\u00fasica ou l\u2019H\u00f4pital de Sant Pau, tous les deux class\u00e9s au patrimoine mondial.<\/p>\n","protected":false},"featured_media":35351,"comment_status":"closed","ping_status":"closed","template":"","meta":{"_acf_changed":false,"_monsterinsights_skip_tracking":false,"_monsterinsights_sitenote_active":false,"_monsterinsights_sitenote_note":"","_monsterinsights_sitenote_category":0},"product_brand":[],"product_cat":[1536,1539,1542],"product_tag":[],"class_list":{"0":"post-32457","1":"product","2":"type-product","3":"status-publish","4":"has-post-thumbnail","6":"product_cat-art-architecture-fr","7":"product_cat-barcelone-fr","8":"product_cat-catalogne-fr","9":"pa_idioma-catalan-fr","10":"pa_idioma-english-fr","11":"pa_idioma-espanol-fr-2","12":"pa_idioma-francais-fr","14":"first","15":"instock","16":"taxable","17":"shipping-taxable","18":"purchasable","19":"product-type-variable"},"acf":[],"_links":{"self":[{"href":"https:\/\/triangle.cat\/fr\/wp-json\/wp\/v2\/product\/32457","targetHints":{"allow":["GET"]}}],"collection":[{"href":"https:\/\/triangle.cat\/fr\/wp-json\/wp\/v2\/product"}],"about":[{"href":"https:\/\/triangle.cat\/fr\/wp-json\/wp\/v2\/types\/product"}],"replies":[{"embeddable":true,"href":"https:\/\/triangle.cat\/fr\/wp-json\/wp\/v2\/comments?post=32457"}],"wp:featuredmedia":[{"embeddable":true,"href":"https:\/\/triangle.cat\/fr\/wp-json\/wp\/v2\/media\/35351"}],"wp:attachment":[{"href":"https:\/\/triangle.cat\/fr\/wp-json\/wp\/v2\/media?parent=32457"}],"wp:term":[{"taxonomy":"product_brand","embeddable":true,"href":"https:\/\/triangle.cat\/fr\/wp-json\/wp\/v2\/product_brand?post=32457"},{"taxonomy":"product_cat","embeddable":true,"href":"https:\/\/triangle.cat\/fr\/wp-json\/wp\/v2\/product_cat?post=32457"},{"taxonomy":"product_tag","embeddable":true,"href":"https:\/\/triangle.cat\/fr\/wp-json\/wp\/v2\/product_tag?post=32457"}],"curies":[{"name":"wp","href":"https:\/\/api.w.org\/{rel}","templated":true}]}}