
{"id":30019,"date":"2023-08-07T16:15:44","date_gmt":"2023-08-07T14:15:44","guid":{"rendered":"https:\/\/www.triangleeditorial.com\/?post_type=product&#038;p=30019"},"modified":"2026-01-08T10:29:22","modified_gmt":"2026-01-08T08:29:22","slug":"la-sagrada-familia","status":"publish","type":"product","link":"https:\/\/triangle.cat\/fr\/producto\/la-sagrada-familia\/","title":{"rendered":"La Sagrada Familia"},"content":{"rendered":"","protected":false},"excerpt":{"rendered":"<p class=\"p2\"><span class=\"s1\"><span class=\"Apple-converted-space\">\u00a0<\/span><\/span>Chiara Curti, architecte et docteure en histoire de l\u2019art, est sp\u00e9cialiste de Gaud\u00ed et de son oeuvre. Elle a travaill\u00e9 comme architecte dans la crypte et sur la fa\u00e7ade de la Nativit\u00e9.<span class=\"Apple-converted-space\">\u00a0<\/span><\/p>\n<p class=\"p2\">Dans ce livre, La Sagrada Familia, cath\u00e9drale de la lumi\u00e8re, Curti nous guide \u00e0 travers la basilique aux c\u00f4t\u00e9s de Gaud\u00ed, dans une visite qui transcende la mati\u00e8re qui la compose et nous montre la lumi\u00e8re qui l\u2019illumine, dans un chemin vers la beaut\u00e9, c\u2019est-\u00e0-dire vers la v\u00e9rit\u00e9. Car, comme le dit l\u2019auteure, \u00abla beaut\u00e9 est la mati\u00e8re illumin\u00e9e\u00bb, Gaud\u00ed nous montre que \u00abla beaut\u00e9 est le reflet de la v\u00e9rit\u00e9\u00bb.<span class=\"Apple-converted-space\">\u00a0<\/span><\/p>\n<p class=\"p3\">Et sur ce chemin, Chiara Curti nous d\u00e9voile des aspects et des images du temple jamais r\u00e9v\u00e9l\u00e9s auparavant et auxquels nous pouvons maintenant participer gr\u00e2ce \u00e0 ses mots et aux excellentes photographies de Pere Vivas.<span class=\"Apple-converted-space\">\u00a0<\/span><\/p>\n","protected":false},"featured_media":41087,"comment_status":"closed","ping_status":"closed","template":"","meta":{"_acf_changed":false,"_monsterinsights_skip_tracking":false,"_monsterinsights_sitenote_active":false,"_monsterinsights_sitenote_note":"","_monsterinsights_sitenote_category":0},"product_brand":[],"product_cat":[1557,1536,1539],"product_tag":[],"class_list":{"0":"post-30019","1":"product","2":"type-product","3":"status-publish","4":"has-post-thumbnail","6":"product_cat-antoni-gaudi-fr","7":"product_cat-art-architecture-fr","8":"product_cat-barcelone-fr","9":"pa_idioma-allemand","10":"pa_idioma-catalan-fr","11":"pa_idioma-english-fr","12":"pa_idioma-espanol-fr-2","13":"pa_idioma-francais-fr-2","14":"pa_idioma-italiano-fr","16":"first","17":"instock","18":"taxable","19":"shipping-taxable","20":"purchasable","21":"product-type-variable","22":"has-default-attributes"},"acf":[],"_links":{"self":[{"href":"https:\/\/triangle.cat\/fr\/wp-json\/wp\/v2\/product\/30019","targetHints":{"allow":["GET"]}}],"collection":[{"href":"https:\/\/triangle.cat\/fr\/wp-json\/wp\/v2\/product"}],"about":[{"href":"https:\/\/triangle.cat\/fr\/wp-json\/wp\/v2\/types\/product"}],"replies":[{"embeddable":true,"href":"https:\/\/triangle.cat\/fr\/wp-json\/wp\/v2\/comments?post=30019"}],"wp:featuredmedia":[{"embeddable":true,"href":"https:\/\/triangle.cat\/fr\/wp-json\/wp\/v2\/media\/41087"}],"wp:attachment":[{"href":"https:\/\/triangle.cat\/fr\/wp-json\/wp\/v2\/media?parent=30019"}],"wp:term":[{"taxonomy":"product_brand","embeddable":true,"href":"https:\/\/triangle.cat\/fr\/wp-json\/wp\/v2\/product_brand?post=30019"},{"taxonomy":"product_cat","embeddable":true,"href":"https:\/\/triangle.cat\/fr\/wp-json\/wp\/v2\/product_cat?post=30019"},{"taxonomy":"product_tag","embeddable":true,"href":"https:\/\/triangle.cat\/fr\/wp-json\/wp\/v2\/product_tag?post=30019"}],"curies":[{"name":"wp","href":"https:\/\/api.w.org\/{rel}","templated":true}]}}