
{"id":29414,"date":"2023-02-14T08:19:31","date_gmt":"2023-02-14T10:42:03","guid":{"rendered":"https:\/\/www.triangleeditorial.com\/producto\/vestits-de-ceba\/"},"modified":"2023-02-14T10:42:17","modified_gmt":"2023-02-14T10:42:17","slug":"vestits-de-ceba","status":"publish","type":"product","link":"https:\/\/triangle.cat\/fr\/producto\/vestits-de-ceba\/","title":{"rendered":"Vestits de Ceba"},"content":{"rendered":"","protected":false},"excerpt":{"rendered":"<p>Toni Vidal (Minorque,  1934) artiste-photographe a d\u00e9velopp\u00e9 une \u0153uvre d\u2019une grande beaut\u00e9 plastique, avec une grande ma\u00eetrise de la technique. Il fut d\u2019abord portraitiste de personnes et bient\u00f4t aussi de rochers, d\u2019architecture rurale, de v\u00e9g\u00e9taux. Le livre \u00ab Vestits de ceba \u00bb (v\u00eatements d\u2019oignon) est le fruit de cette \u00e9volution. Cette m\u00e9tamorphose visuelle et plastique que nous propose le photographe est renforc\u00e9e par la collaboration de plus de vingt po\u00e8tes tels que Narc\u00eds Comadira, Miquel Desclot, Joan Brossa, Maria Merc\u00e8 Mar\u00e7al qui ont offert \u00e0 Toni Vidal leurs cr\u00e9ations po\u00e9tiques express\u00e9ment pour \u00ab Vestits \u00bb :  Narc\u00eds Comadira, Miquel Desclot, Joan Brossa, Maria Merc\u00e8 Mar\u00e7al\u2026<\/p>\n","protected":false},"featured_media":22731,"comment_status":"closed","ping_status":"closed","template":"","meta":{"_acf_changed":false,"_monsterinsights_skip_tracking":false,"_monsterinsights_sitenote_active":false,"_monsterinsights_sitenote_note":"","_monsterinsights_sitenote_category":0},"product_brand":[],"product_cat":[1555],"product_tag":[990,1031,961,1000],"class_list":{"0":"post-29414","1":"product","2":"type-product","3":"status-publish","4":"has-post-thumbnail","6":"product_cat-photographie-design","7":"product_tag-allemand-fr","8":"product_tag-anglais-fr","9":"product_tag-catalan-fr","10":"product_tag-espagnol-fr","11":"pa_idioma-multilingue-catala-espanol-english-deutsch-fr","13":"first","14":"instock","15":"taxable","16":"shipping-taxable","17":"purchasable","18":"product-type-variable","19":"has-default-attributes"},"acf":[],"_links":{"self":[{"href":"https:\/\/triangle.cat\/fr\/wp-json\/wp\/v2\/product\/29414","targetHints":{"allow":["GET"]}}],"collection":[{"href":"https:\/\/triangle.cat\/fr\/wp-json\/wp\/v2\/product"}],"about":[{"href":"https:\/\/triangle.cat\/fr\/wp-json\/wp\/v2\/types\/product"}],"replies":[{"embeddable":true,"href":"https:\/\/triangle.cat\/fr\/wp-json\/wp\/v2\/comments?post=29414"}],"wp:featuredmedia":[{"embeddable":true,"href":"https:\/\/triangle.cat\/fr\/wp-json\/wp\/v2\/media\/22731"}],"wp:attachment":[{"href":"https:\/\/triangle.cat\/fr\/wp-json\/wp\/v2\/media?parent=29414"}],"wp:term":[{"taxonomy":"product_brand","embeddable":true,"href":"https:\/\/triangle.cat\/fr\/wp-json\/wp\/v2\/product_brand?post=29414"},{"taxonomy":"product_cat","embeddable":true,"href":"https:\/\/triangle.cat\/fr\/wp-json\/wp\/v2\/product_cat?post=29414"},{"taxonomy":"product_tag","embeddable":true,"href":"https:\/\/triangle.cat\/fr\/wp-json\/wp\/v2\/product_tag?post=29414"}],"curies":[{"name":"wp","href":"https:\/\/api.w.org\/{rel}","templated":true}]}}