
{"id":29407,"date":"2023-02-14T08:18:23","date_gmt":"2023-02-14T10:41:13","guid":{"rendered":"https:\/\/www.triangleeditorial.com\/producto\/valence-3\/"},"modified":"2025-02-26T17:41:27","modified_gmt":"2025-02-26T15:41:27","slug":"valence-3","status":"publish","type":"product","link":"https:\/\/triangle.cat\/fr\/producto\/valence-3\/","title":{"rendered":"Valence"},"content":{"rendered":"","protected":false},"excerpt":{"rendered":"<p>Extravertie, lumineuse et orient\u00e9e vers la mer, la ville de Valence a\u00a0v\u00e9cu une transformation urbanistique importante au cours de ces derni\u00e8res d\u00e9cennies. L\u2019architecture d\u2019avant-garde cohabite avec un h\u00e9ritage culturel et monumental aux accents baroques, gothiques et modernistes. C\u2019est une ville all\u00e8gre et anim\u00e9e o\u00f9 se m\u00ealent, durant ses f\u00eates collectives dans les rues, la musique, le\u00a0feu, le rituel et la poudre.<\/p>\n","protected":false},"featured_media":7921,"comment_status":"closed","ping_status":"closed","template":"","meta":{"_acf_changed":false,"_monsterinsights_skip_tracking":false,"_monsterinsights_sitenote_active":false,"_monsterinsights_sitenote_note":"","_monsterinsights_sitenote_category":0},"product_brand":[],"product_cat":[1517,1574],"product_tag":[990,1031,1000,1007,1032,1088],"class_list":{"0":"post-29407","1":"product","2":"type-product","3":"status-publish","4":"has-post-thumbnail","6":"product_cat-valence","7":"product_cat-valence-costa-blanca","8":"product_tag-allemand-fr","9":"product_tag-anglais-fr","10":"product_tag-espagnol-fr","11":"product_tag-francais-fr-2","12":"product_tag-italien","13":"product_tag-russe-fr","14":"pa_idioma-deutsch-fr","15":"pa_idioma-english-fr","16":"pa_idioma-espanol-fr-2","17":"pa_idioma-francais-fr","18":"pa_idioma-italiano-fr","19":"pa_idioma--fr","21":"first","22":"instock","23":"taxable","24":"shipping-taxable","25":"purchasable","26":"product-type-variable","27":"has-default-attributes"},"acf":[],"_links":{"self":[{"href":"https:\/\/triangle.cat\/fr\/wp-json\/wp\/v2\/product\/29407","targetHints":{"allow":["GET"]}}],"collection":[{"href":"https:\/\/triangle.cat\/fr\/wp-json\/wp\/v2\/product"}],"about":[{"href":"https:\/\/triangle.cat\/fr\/wp-json\/wp\/v2\/types\/product"}],"replies":[{"embeddable":true,"href":"https:\/\/triangle.cat\/fr\/wp-json\/wp\/v2\/comments?post=29407"}],"wp:featuredmedia":[{"embeddable":true,"href":"https:\/\/triangle.cat\/fr\/wp-json\/wp\/v2\/media\/7921"}],"wp:attachment":[{"href":"https:\/\/triangle.cat\/fr\/wp-json\/wp\/v2\/media?parent=29407"}],"wp:term":[{"taxonomy":"product_brand","embeddable":true,"href":"https:\/\/triangle.cat\/fr\/wp-json\/wp\/v2\/product_brand?post=29407"},{"taxonomy":"product_cat","embeddable":true,"href":"https:\/\/triangle.cat\/fr\/wp-json\/wp\/v2\/product_cat?post=29407"},{"taxonomy":"product_tag","embeddable":true,"href":"https:\/\/triangle.cat\/fr\/wp-json\/wp\/v2\/product_tag?post=29407"}],"curies":[{"name":"wp","href":"https:\/\/api.w.org\/{rel}","templated":true}]}}