
{"id":29400,"date":"2023-02-14T08:17:35","date_gmt":"2023-02-14T10:40:28","guid":{"rendered":"https:\/\/www.triangleeditorial.com\/producto\/valence-2\/"},"modified":"2023-02-14T10:41:15","modified_gmt":"2023-02-14T10:41:15","slug":"valence-2","status":"publish","type":"product","link":"https:\/\/triangle.cat\/fr\/producto\/valence-2\/","title":{"rendered":"Valence"},"content":{"rendered":"","protected":false},"excerpt":{"rendered":"<p>Valence est une ville m\u00e9diterran\u00e9enne \u00e0 150% !  Elle poss\u00e8de une histoire, une architecture, une gastronomie et des relations humaines \u2013qui prosp\u00e8rent sur les march\u00e9s populaires, les terrasses des caf\u00e9s ou le sable et l\u2019eau des plages- d\u00e9finis de mani\u00e8re tr\u00e8s \u00abm\u00e9diterran\u00e9enne \u00bb.  Mais en plus de cela, les Valenciens apportent un plus d\u2019exub\u00e9rance cr\u00e9ative dont l\u2019exemple le plus significatif est la Grand F\u00eate de la ville : las Fallas, d\u00e9clar\u00e9es patrimoine immat\u00e9riel par l\u2019UNESCO, et qui se manifeste aussi dans ses \u00e9difices gothiques, baroques et modernistes, et m\u00eame dans la tr\u00e8s contemporaine Ciutat de les Arts i les Ci\u00e8ncies.  Profitez de deux mille ans de vie m\u00e9diterran\u00e9enne bigarr\u00e9e !<\/p>\n","protected":false},"featured_media":15125,"comment_status":"closed","ping_status":"open","template":"","meta":{"_acf_changed":false,"_monsterinsights_skip_tracking":false,"_monsterinsights_sitenote_active":false,"_monsterinsights_sitenote_note":"","_monsterinsights_sitenote_category":0},"product_brand":[],"product_cat":[1574],"product_tag":[990,1031,961,1000,1007,1032],"class_list":{"0":"post-29400","1":"product","2":"type-product","3":"status-publish","4":"has-post-thumbnail","6":"product_cat-valence-costa-blanca","7":"product_tag-allemand-fr","8":"product_tag-anglais-fr","9":"product_tag-catalan-fr","10":"product_tag-espagnol-fr","11":"product_tag-francais-fr-2","12":"product_tag-italien","13":"pa_idioma-catalan-fr","14":"pa_idioma-deutsch-fr","15":"pa_idioma-english-fr","16":"pa_idioma-espanol-fr-2","17":"pa_idioma-francais-fr","18":"pa_idioma-italiano-fr","20":"first","21":"instock","22":"taxable","23":"shipping-taxable","24":"purchasable","25":"product-type-variable","26":"has-default-attributes"},"acf":[],"_links":{"self":[{"href":"https:\/\/triangle.cat\/fr\/wp-json\/wp\/v2\/product\/29400","targetHints":{"allow":["GET"]}}],"collection":[{"href":"https:\/\/triangle.cat\/fr\/wp-json\/wp\/v2\/product"}],"about":[{"href":"https:\/\/triangle.cat\/fr\/wp-json\/wp\/v2\/types\/product"}],"replies":[{"embeddable":true,"href":"https:\/\/triangle.cat\/fr\/wp-json\/wp\/v2\/comments?post=29400"}],"wp:featuredmedia":[{"embeddable":true,"href":"https:\/\/triangle.cat\/fr\/wp-json\/wp\/v2\/media\/15125"}],"wp:attachment":[{"href":"https:\/\/triangle.cat\/fr\/wp-json\/wp\/v2\/media?parent=29400"}],"wp:term":[{"taxonomy":"product_brand","embeddable":true,"href":"https:\/\/triangle.cat\/fr\/wp-json\/wp\/v2\/product_brand?post=29400"},{"taxonomy":"product_cat","embeddable":true,"href":"https:\/\/triangle.cat\/fr\/wp-json\/wp\/v2\/product_cat?post=29400"},{"taxonomy":"product_tag","embeddable":true,"href":"https:\/\/triangle.cat\/fr\/wp-json\/wp\/v2\/product_tag?post=29400"}],"curies":[{"name":"wp","href":"https:\/\/api.w.org\/{rel}","templated":true}]}}