
{"id":29398,"date":"2023-02-14T08:17:22","date_gmt":"2023-02-14T10:40:14","guid":{"rendered":"https:\/\/www.triangleeditorial.com\/producto\/menorca\/"},"modified":"2023-02-14T10:40:30","modified_gmt":"2023-02-14T10:40:30","slug":"menorca-7","status":"publish","type":"product","link":"https:\/\/triangle.cat\/fr\/producto\/menorca-7\/","title":{"rendered":"Menorca"},"content":{"rendered":"","protected":false},"excerpt":{"rendered":"<p>Comment \u00e9tait la Minorque des ann\u00e9es 1960\u00a0? Le photographe Toni Vidal vous la montre ici dans une s\u00e9rie d\u2019instantan\u00e9s en noir et blanc qui captent \u00e0 la perfection la vie, la culture et le paysage de l\u2019\u00eele. Les po\u00e8tes Joan Perucho, Miquel Mart\u00ed i Pol, Jos\u00e9 Corredor-Matheos, \u00c0lex Susanna, Miquel Desclot et Benet Rosell \u00e9voquent aussi sa beaut\u00e9 unique.<\/p>\n","protected":false},"featured_media":16969,"comment_status":"closed","ping_status":"closed","template":"","meta":{"_acf_changed":false,"_monsterinsights_skip_tracking":false,"_monsterinsights_sitenote_active":false,"_monsterinsights_sitenote_note":"","_monsterinsights_sitenote_category":0},"product_brand":[],"product_cat":[1572,1555],"product_tag":[961],"class_list":{"0":"post-29398","1":"product","2":"type-product","3":"status-publish","4":"has-post-thumbnail","6":"product_cat-minorque","7":"product_cat-photographie-design","8":"product_tag-catalan-fr","9":"pa_idioma-catalan-fr","11":"first","12":"outofstock","13":"taxable","14":"shipping-taxable","15":"purchasable","16":"product-type-variable","17":"has-default-attributes"},"acf":[],"_links":{"self":[{"href":"https:\/\/triangle.cat\/fr\/wp-json\/wp\/v2\/product\/29398","targetHints":{"allow":["GET"]}}],"collection":[{"href":"https:\/\/triangle.cat\/fr\/wp-json\/wp\/v2\/product"}],"about":[{"href":"https:\/\/triangle.cat\/fr\/wp-json\/wp\/v2\/types\/product"}],"replies":[{"embeddable":true,"href":"https:\/\/triangle.cat\/fr\/wp-json\/wp\/v2\/comments?post=29398"}],"wp:featuredmedia":[{"embeddable":true,"href":"https:\/\/triangle.cat\/fr\/wp-json\/wp\/v2\/media\/16969"}],"wp:attachment":[{"href":"https:\/\/triangle.cat\/fr\/wp-json\/wp\/v2\/media?parent=29398"}],"wp:term":[{"taxonomy":"product_brand","embeddable":true,"href":"https:\/\/triangle.cat\/fr\/wp-json\/wp\/v2\/product_brand?post=29398"},{"taxonomy":"product_cat","embeddable":true,"href":"https:\/\/triangle.cat\/fr\/wp-json\/wp\/v2\/product_cat?post=29398"},{"taxonomy":"product_tag","embeddable":true,"href":"https:\/\/triangle.cat\/fr\/wp-json\/wp\/v2\/product_tag?post=29398"}],"curies":[{"name":"wp","href":"https:\/\/api.w.org\/{rel}","templated":true}]}}