
{"id":29396,"date":"2023-02-14T08:17:08","date_gmt":"2023-02-14T10:40:00","guid":{"rendered":"https:\/\/www.triangleeditorial.com\/producto\/terres-escrites\/"},"modified":"2023-02-14T10:40:16","modified_gmt":"2023-02-14T10:40:16","slug":"terres-escrites","status":"publish","type":"product","link":"https:\/\/triangle.cat\/fr\/producto\/terres-escrites\/","title":{"rendered":"Terres escrites"},"content":{"rendered":"","protected":false},"excerpt":{"rendered":"<p>Les terres de la Catalogne du Nord, des \u00eeles Bal\u00e9ares, d\u2019Andorre, de la Franja, du Pays valencien, du Principat de Catalogne et de L\u2019Alguer partagent un m\u00eame patrimoine linguistique, historique et paysagistique extr\u00eamement important. Malgr\u00e9 cela, leurs diff\u00e9rences et leurs singularit\u00e9s dotent chacun de ces territoires d\u2019une personnalit\u00e9 attrayante et puissante. Une s\u00e9lection choisie de textes de divers \u00e9crivains li\u00e9s \u00e0 leur territoire accompagnent les sc\u00e8nes les plus po\u00e9tiques, singuli\u00e8res, populaires, symboliques et culturelles. Les terres \u00e9crites avec des mots sont aussi ici refl\u00e9t\u00e9es en images.<\/p>\n","protected":false},"featured_media":16916,"comment_status":"closed","ping_status":"closed","template":"","meta":{"_acf_changed":false,"_monsterinsights_skip_tracking":false,"_monsterinsights_sitenote_active":false,"_monsterinsights_sitenote_note":"","_monsterinsights_sitenote_category":0},"product_brand":[],"product_cat":[1542,1555],"product_tag":[1031,961,1000],"class_list":{"0":"post-29396","1":"product","2":"type-product","3":"status-publish","4":"has-post-thumbnail","6":"product_cat-catalogne-fr","7":"product_cat-photographie-design","8":"product_tag-anglais-fr","9":"product_tag-catalan-fr","10":"product_tag-espagnol-fr","11":"pa_idioma-multilingue-catala-espanol-english-fr","13":"first","14":"instock","15":"taxable","16":"shipping-taxable","17":"purchasable","18":"product-type-variable","19":"has-default-attributes"},"acf":[],"_links":{"self":[{"href":"https:\/\/triangle.cat\/fr\/wp-json\/wp\/v2\/product\/29396","targetHints":{"allow":["GET"]}}],"collection":[{"href":"https:\/\/triangle.cat\/fr\/wp-json\/wp\/v2\/product"}],"about":[{"href":"https:\/\/triangle.cat\/fr\/wp-json\/wp\/v2\/types\/product"}],"replies":[{"embeddable":true,"href":"https:\/\/triangle.cat\/fr\/wp-json\/wp\/v2\/comments?post=29396"}],"wp:featuredmedia":[{"embeddable":true,"href":"https:\/\/triangle.cat\/fr\/wp-json\/wp\/v2\/media\/16916"}],"wp:attachment":[{"href":"https:\/\/triangle.cat\/fr\/wp-json\/wp\/v2\/media?parent=29396"}],"wp:term":[{"taxonomy":"product_brand","embeddable":true,"href":"https:\/\/triangle.cat\/fr\/wp-json\/wp\/v2\/product_brand?post=29396"},{"taxonomy":"product_cat","embeddable":true,"href":"https:\/\/triangle.cat\/fr\/wp-json\/wp\/v2\/product_cat?post=29396"},{"taxonomy":"product_tag","embeddable":true,"href":"https:\/\/triangle.cat\/fr\/wp-json\/wp\/v2\/product_tag?post=29396"}],"curies":[{"name":"wp","href":"https:\/\/api.w.org\/{rel}","templated":true}]}}