
{"id":29388,"date":"2023-02-14T08:15:38","date_gmt":"2023-02-14T10:39:02","guid":{"rendered":"https:\/\/www.triangleeditorial.com\/producto\/la-traversee-de-la-costa-brava\/"},"modified":"2026-01-01T15:15:50","modified_gmt":"2026-01-01T13:15:50","slug":"la-traversee-de-la-costa-brava","status":"publish","type":"product","link":"https:\/\/triangle.cat\/fr\/producto\/la-traversee-de-la-costa-brava\/","title":{"rendered":"La travers\u00e9e de la Costa Brava"},"content":{"rendered":"","protected":false},"excerpt":{"rendered":"<p>Sergi Lara vous accompagne dans les paysages les plus attrayants de la c\u00f4te catalane. Randonnez sur les chemins de ronde \u2014 ou des gabelous \u2014 et les sentiers du littoral pour 230 kilom\u00e8tres de vues exceptionnelles. La travers\u00e9e se divise en 10 \u00e9tapes avec des cartes d\u00e9taill\u00e9es et des informations sur les chemins de ronde, les GR et les autres sentiers. En outre, l\u2019incorporation de 2 \u00e9tapes suppl\u00e9mentaires vous permettra d\u2019aller de Portbou \u00e0 Collioure pour d\u00e9couvrir les charmes de la C\u00f4te vermeille.<\/p>\n","protected":false},"featured_media":22362,"comment_status":"closed","ping_status":"closed","template":"","meta":{"_acf_changed":false,"_monsterinsights_skip_tracking":false,"_monsterinsights_sitenote_active":false,"_monsterinsights_sitenote_note":"","_monsterinsights_sitenote_category":0},"product_brand":[],"product_cat":[1504,1560,1522],"product_tag":[990,1031,961,1000,1007],"class_list":{"0":"post-29388","1":"product","2":"type-product","3":"status-publish","4":"has-post-thumbnail","6":"product_cat-catalogne","7":"product_cat-gerone-costa-brava","8":"product_cat-randonnee-et-velo","9":"product_tag-allemand-fr","10":"product_tag-anglais-fr","11":"product_tag-catalan-fr","12":"product_tag-espagnol-fr","13":"product_tag-francais-fr-2","14":"pa_idioma-catalan-fr","15":"pa_idioma-deutsch-fr","16":"pa_idioma-english-fr","17":"pa_idioma-espanol-fr-2","18":"pa_idioma-francais-fr","20":"first","21":"instock","22":"taxable","23":"shipping-taxable","24":"purchasable","25":"product-type-variable","26":"has-default-attributes"},"acf":[],"_links":{"self":[{"href":"https:\/\/triangle.cat\/fr\/wp-json\/wp\/v2\/product\/29388","targetHints":{"allow":["GET"]}}],"collection":[{"href":"https:\/\/triangle.cat\/fr\/wp-json\/wp\/v2\/product"}],"about":[{"href":"https:\/\/triangle.cat\/fr\/wp-json\/wp\/v2\/types\/product"}],"replies":[{"embeddable":true,"href":"https:\/\/triangle.cat\/fr\/wp-json\/wp\/v2\/comments?post=29388"}],"wp:featuredmedia":[{"embeddable":true,"href":"https:\/\/triangle.cat\/fr\/wp-json\/wp\/v2\/media\/22362"}],"wp:attachment":[{"href":"https:\/\/triangle.cat\/fr\/wp-json\/wp\/v2\/media?parent=29388"}],"wp:term":[{"taxonomy":"product_brand","embeddable":true,"href":"https:\/\/triangle.cat\/fr\/wp-json\/wp\/v2\/product_brand?post=29388"},{"taxonomy":"product_cat","embeddable":true,"href":"https:\/\/triangle.cat\/fr\/wp-json\/wp\/v2\/product_cat?post=29388"},{"taxonomy":"product_tag","embeddable":true,"href":"https:\/\/triangle.cat\/fr\/wp-json\/wp\/v2\/product_tag?post=29388"}],"curies":[{"name":"wp","href":"https:\/\/api.w.org\/{rel}","templated":true}]}}