
{"id":29380,"date":"2023-02-14T08:14:37","date_gmt":"2023-02-14T08:14:37","guid":{"rendered":"https:\/\/www.triangleeditorial.com\/producto\/tapas-barcelona\/"},"modified":"2026-01-05T05:33:39","modified_gmt":"2026-01-05T03:33:39","slug":"tapas-barcelona","status":"publish","type":"product","link":"https:\/\/triangle.cat\/fr\/producto\/tapas-barcelona\/","title":{"rendered":"Tapas Barcelona"},"content":{"rendered":"","protected":false},"excerpt":{"rendered":"<p>Que trouverez-vous dans ce livre savoureux\u00a0?<\/p>\n<p>Quarante recettes pour pr\u00e9parer des tapas \u00e0 la maison, en famille ou entre amis, et vous vanter de conna\u00eetre les secrets des meilleures tapas de Barcelone. Vingt adresses incontournables, des \u00e9tablissements centenaires aux plus r\u00e9cents, ouverts par des chefs \u00e9toil\u00e9s, pour d\u00e9couvrir leur histoire et les tapas \u00e0 y d\u00e9guster. Dix itin\u00e9raires \u00e0 travers diff\u00e9rents quartiers de Barcelone, \u00e0 la d\u00e9couverte des bars \u00e0 tapas les plus typiques.<\/p>\n","protected":false},"featured_media":9308,"comment_status":"closed","ping_status":"closed","template":"","meta":{"_acf_changed":false,"_monsterinsights_skip_tracking":false,"_monsterinsights_sitenote_active":false,"_monsterinsights_sitenote_note":"","_monsterinsights_sitenote_category":0},"product_brand":[],"product_cat":[1539,1546],"product_tag":[990,1031,961,1000,1007,1032,1088],"class_list":{"0":"post-29380","1":"product","2":"type-product","3":"status-publish","4":"has-post-thumbnail","6":"product_cat-barcelone-fr","7":"product_cat-cuisine-gastronomie","8":"product_tag-allemand-fr","9":"product_tag-anglais-fr","10":"product_tag-catalan-fr","11":"product_tag-espagnol-fr","12":"product_tag-francais-fr-2","13":"product_tag-italien","14":"product_tag-russe-fr","15":"pa_idioma-catalan-fr","16":"pa_idioma-deutsch-fr","17":"pa_idioma-english-fr","18":"pa_idioma-espanol-fr-2","19":"pa_idioma-francais-fr","20":"pa_idioma-italiano-fr","21":"pa_idioma--fr","23":"first","24":"instock","25":"taxable","26":"shipping-taxable","27":"purchasable","28":"product-type-variable","29":"has-default-attributes"},"acf":[],"_links":{"self":[{"href":"https:\/\/triangle.cat\/fr\/wp-json\/wp\/v2\/product\/29380","targetHints":{"allow":["GET"]}}],"collection":[{"href":"https:\/\/triangle.cat\/fr\/wp-json\/wp\/v2\/product"}],"about":[{"href":"https:\/\/triangle.cat\/fr\/wp-json\/wp\/v2\/types\/product"}],"replies":[{"embeddable":true,"href":"https:\/\/triangle.cat\/fr\/wp-json\/wp\/v2\/comments?post=29380"}],"wp:featuredmedia":[{"embeddable":true,"href":"https:\/\/triangle.cat\/fr\/wp-json\/wp\/v2\/media\/9308"}],"wp:attachment":[{"href":"https:\/\/triangle.cat\/fr\/wp-json\/wp\/v2\/media?parent=29380"}],"wp:term":[{"taxonomy":"product_brand","embeddable":true,"href":"https:\/\/triangle.cat\/fr\/wp-json\/wp\/v2\/product_brand?post=29380"},{"taxonomy":"product_cat","embeddable":true,"href":"https:\/\/triangle.cat\/fr\/wp-json\/wp\/v2\/product_cat?post=29380"},{"taxonomy":"product_tag","embeddable":true,"href":"https:\/\/triangle.cat\/fr\/wp-json\/wp\/v2\/product_tag?post=29380"}],"curies":[{"name":"wp","href":"https:\/\/api.w.org\/{rel}","templated":true}]}}