
{"id":29362,"date":"2023-02-14T08:12:29","date_gmt":"2023-02-14T10:35:46","guid":{"rendered":"https:\/\/www.triangleeditorial.com\/producto\/serra-de-tramuntana-2\/"},"modified":"2025-01-20T17:03:53","modified_gmt":"2025-01-20T15:03:53","slug":"serra-de-tramuntana-2","status":"publish","type":"product","link":"https:\/\/triangle.cat\/fr\/producto\/serra-de-tramuntana-2\/","title":{"rendered":"Serra de Tramuntana"},"content":{"rendered":"","protected":false},"excerpt":{"rendered":"<p>Le guide-carte de la Serra de Tramuntana contient les cl\u00e9s pour se d\u00e9placer sans difficult\u00e9 dans l\u2019un des espaces naturels parmi les plus beaux et les plus vastes de Majorque. Il offre divers itin\u00e9raires, les lieux ayant la plus grande valeur \u00e9cologique et paysagistique, ainsi que les h\u00f4tels et les logements les plus adapt\u00e9s aux n\u00e9cessit\u00e9s du visiteur.<\/p>\n","protected":false},"featured_media":22352,"comment_status":"closed","ping_status":"closed","template":"","meta":{"_acf_changed":false,"_monsterinsights_skip_tracking":false,"_monsterinsights_sitenote_active":false,"_monsterinsights_sitenote_note":"","_monsterinsights_sitenote_category":0},"product_brand":[],"product_cat":[1512,1528,1569],"product_tag":[990,1031,961,1000,1007],"class_list":{"0":"post-29362","1":"product","2":"type-product","3":"status-publish","4":"has-post-thumbnail","6":"product_cat-guide-carte","7":"product_cat-iles-baleares","8":"product_cat-majorque","9":"product_tag-allemand-fr","10":"product_tag-anglais-fr","11":"product_tag-catalan-fr","12":"product_tag-espagnol-fr","13":"product_tag-francais-fr-2","14":"pa_idioma-catalan-fr","15":"pa_idioma-deutsch-fr","16":"pa_idioma-english-fr","17":"pa_idioma-espanol-fr-2","18":"pa_idioma-francais-fr","20":"first","21":"outofstock","22":"taxable","23":"shipping-taxable","24":"purchasable","25":"product-type-variable","26":"has-default-attributes"},"acf":[],"_links":{"self":[{"href":"https:\/\/triangle.cat\/fr\/wp-json\/wp\/v2\/product\/29362","targetHints":{"allow":["GET"]}}],"collection":[{"href":"https:\/\/triangle.cat\/fr\/wp-json\/wp\/v2\/product"}],"about":[{"href":"https:\/\/triangle.cat\/fr\/wp-json\/wp\/v2\/types\/product"}],"replies":[{"embeddable":true,"href":"https:\/\/triangle.cat\/fr\/wp-json\/wp\/v2\/comments?post=29362"}],"wp:featuredmedia":[{"embeddable":true,"href":"https:\/\/triangle.cat\/fr\/wp-json\/wp\/v2\/media\/22352"}],"wp:attachment":[{"href":"https:\/\/triangle.cat\/fr\/wp-json\/wp\/v2\/media?parent=29362"}],"wp:term":[{"taxonomy":"product_brand","embeddable":true,"href":"https:\/\/triangle.cat\/fr\/wp-json\/wp\/v2\/product_brand?post=29362"},{"taxonomy":"product_cat","embeddable":true,"href":"https:\/\/triangle.cat\/fr\/wp-json\/wp\/v2\/product_cat?post=29362"},{"taxonomy":"product_tag","embeddable":true,"href":"https:\/\/triangle.cat\/fr\/wp-json\/wp\/v2\/product_tag?post=29362"}],"curies":[{"name":"wp","href":"https:\/\/api.w.org\/{rel}","templated":true}]}}