
{"id":29355,"date":"2023-02-14T08:08:12","date_gmt":"2023-02-14T10:32:15","guid":{"rendered":"https:\/\/www.triangleeditorial.com\/producto\/symbologie-du-temple-de-la-sagrada-familia\/"},"modified":"2023-06-21T12:11:42","modified_gmt":"2023-06-21T12:11:42","slug":"symbologie-du-temple-de-la-sagrada-familia","status":"publish","type":"product","link":"https:\/\/triangle.cat\/fr\/producto\/symbologie-du-temple-de-la-sagrada-familia\/","title":{"rendered":"Symbologie du Temple de la Sagrada Fam\u00edlia"},"content":{"rendered":"","protected":false},"excerpt":{"rendered":"<p>Lorsque Gaud\u00ed d\u00e9cida d\u2019\u00e9riger le temple d\u00e9finitif, il le fit en toute conscience. Sa construction la plus c\u00e9l\u00e8bre est pleine d\u2019all\u00e9gories, de d\u00e9tails, de symboles et de messages occultes r\u00e9v\u00e9l\u00e9s dans ce guide qui d\u00e9chiffre tous les secrets de la Sagrada Fam\u00edlia.<\/p>\n","protected":false},"featured_media":29937,"comment_status":"closed","ping_status":"closed","template":"","meta":{"_acf_changed":false,"_monsterinsights_skip_tracking":false,"_monsterinsights_sitenote_active":false,"_monsterinsights_sitenote_note":"","_monsterinsights_sitenote_category":0},"product_brand":[],"product_cat":[1557,1498,1500,1539,1504],"product_tag":[990,1031,961,1000,1007,1032],"class_list":{"0":"post-29355","1":"product","2":"type-product","3":"status-publish","4":"has-post-thumbnail","6":"product_cat-antoni-gaudi-fr","7":"product_cat-art-arquitecture","8":"product_cat-barcelone","9":"product_cat-barcelone-fr","10":"product_cat-catalogne","11":"product_tag-allemand-fr","12":"product_tag-anglais-fr","13":"product_tag-catalan-fr","14":"product_tag-espagnol-fr","15":"product_tag-francais-fr-2","16":"product_tag-italien","17":"pa_idioma-catalan-fr","18":"pa_idioma-deutsch-fr","19":"pa_idioma-english-fr","20":"pa_idioma-espanol-fr-2","21":"pa_idioma-francais-fr","22":"pa_idioma-italiano-fr","24":"first","25":"instock","26":"taxable","27":"shipping-taxable","28":"purchasable","29":"product-type-variable","30":"has-default-attributes"},"acf":[],"_links":{"self":[{"href":"https:\/\/triangle.cat\/fr\/wp-json\/wp\/v2\/product\/29355","targetHints":{"allow":["GET"]}}],"collection":[{"href":"https:\/\/triangle.cat\/fr\/wp-json\/wp\/v2\/product"}],"about":[{"href":"https:\/\/triangle.cat\/fr\/wp-json\/wp\/v2\/types\/product"}],"replies":[{"embeddable":true,"href":"https:\/\/triangle.cat\/fr\/wp-json\/wp\/v2\/comments?post=29355"}],"wp:featuredmedia":[{"embeddable":true,"href":"https:\/\/triangle.cat\/fr\/wp-json\/wp\/v2\/media\/29937"}],"wp:attachment":[{"href":"https:\/\/triangle.cat\/fr\/wp-json\/wp\/v2\/media?parent=29355"}],"wp:term":[{"taxonomy":"product_brand","embeddable":true,"href":"https:\/\/triangle.cat\/fr\/wp-json\/wp\/v2\/product_brand?post=29355"},{"taxonomy":"product_cat","embeddable":true,"href":"https:\/\/triangle.cat\/fr\/wp-json\/wp\/v2\/product_cat?post=29355"},{"taxonomy":"product_tag","embeddable":true,"href":"https:\/\/triangle.cat\/fr\/wp-json\/wp\/v2\/product_tag?post=29355"}],"curies":[{"name":"wp","href":"https:\/\/api.w.org\/{rel}","templated":true}]}}