
{"id":29352,"date":"2023-02-14T08:07:43","date_gmt":"2023-02-14T10:31:35","guid":{"rendered":"https:\/\/www.triangleeditorial.com\/producto\/barcelone-6\/"},"modified":"2023-06-21T11:13:08","modified_gmt":"2023-06-21T11:13:08","slug":"barcelone-6","status":"publish","type":"product","link":"https:\/\/triangle.cat\/fr\/producto\/barcelone-6\/","title":{"rendered":"Barcelone"},"content":{"rendered":"","protected":false},"excerpt":{"rendered":"<p>Nous pr\u00e9sentons notre classique Barcelone souvenir au design et\u00a0au format r\u00e9nov\u00e9s, et avec de nouvelles photos compl\u00e9t\u00e9es par 34 vid\u00e9os d\u2019acc\u00e8s exclusif. Barcelone, capitale de la Catalogne et une des villes parmi les plus modernes de la M\u00e9diterran\u00e9e, fascine tous ses visiteurs. Un voyage agr\u00e9able dans ses rues, ses \u00e9difices et ses monuments \u2014\u00a0depuis l\u2019\u0153uvre de Gaud\u00ed et le Modernisme catalan jusqu\u2019aux r\u00e9centes contributions de Richard Meier et de Jean Nouvel\u00a0\u2014, et \u00e0 un parcours a travers ses traditions, sa culture et sa gastronomie.<\/p>\n","protected":false},"featured_media":30025,"comment_status":"closed","ping_status":"closed","template":"","meta":{"_acf_changed":false,"_monsterinsights_skip_tracking":false,"_monsterinsights_sitenote_active":false,"_monsterinsights_sitenote_note":"","_monsterinsights_sitenote_category":0},"product_brand":[],"product_cat":[1539],"product_tag":[990,1031,1091,1000,1007,1032,1053,1088],"class_list":{"0":"post-29352","1":"product","2":"type-product","3":"status-publish","4":"has-post-thumbnail","6":"product_cat-barcelone-fr","7":"product_tag-allemand-fr","8":"product_tag-anglais-fr","9":"product_tag-chinois-fr","10":"product_tag-espagnol-fr","11":"product_tag-francais-fr-2","12":"product_tag-italien","13":"product_tag-pays-bas","14":"product_tag-russe-fr","15":"pa_idioma-multilingue-espanol-english-nederlands--fr","16":"pa_idioma-multilingue-francais-deutsch-italiano--fr","18":"first","19":"instock","20":"taxable","21":"shipping-taxable","22":"purchasable","23":"product-type-variable","24":"has-default-attributes"},"acf":[],"_links":{"self":[{"href":"https:\/\/triangle.cat\/fr\/wp-json\/wp\/v2\/product\/29352","targetHints":{"allow":["GET"]}}],"collection":[{"href":"https:\/\/triangle.cat\/fr\/wp-json\/wp\/v2\/product"}],"about":[{"href":"https:\/\/triangle.cat\/fr\/wp-json\/wp\/v2\/types\/product"}],"replies":[{"embeddable":true,"href":"https:\/\/triangle.cat\/fr\/wp-json\/wp\/v2\/comments?post=29352"}],"wp:featuredmedia":[{"embeddable":true,"href":"https:\/\/triangle.cat\/fr\/wp-json\/wp\/v2\/media\/30025"}],"wp:attachment":[{"href":"https:\/\/triangle.cat\/fr\/wp-json\/wp\/v2\/media?parent=29352"}],"wp:term":[{"taxonomy":"product_brand","embeddable":true,"href":"https:\/\/triangle.cat\/fr\/wp-json\/wp\/v2\/product_brand?post=29352"},{"taxonomy":"product_cat","embeddable":true,"href":"https:\/\/triangle.cat\/fr\/wp-json\/wp\/v2\/product_cat?post=29352"},{"taxonomy":"product_tag","embeddable":true,"href":"https:\/\/triangle.cat\/fr\/wp-json\/wp\/v2\/product_tag?post=29352"}],"curies":[{"name":"wp","href":"https:\/\/api.w.org\/{rel}","templated":true}]}}