
{"id":29343,"date":"2023-02-14T08:06:42","date_gmt":"2023-02-14T10:30:38","guid":{"rendered":"https:\/\/www.triangleeditorial.com\/producto\/sitges\/"},"modified":"2023-02-14T10:31:23","modified_gmt":"2023-02-14T10:31:23","slug":"sitges","status":"publish","type":"product","link":"https:\/\/triangle.cat\/fr\/producto\/sitges\/","title":{"rendered":"Sitges"},"content":{"rendered":"","protected":false},"excerpt":{"rendered":"<p>\u00c0 la fin du xixe si\u00e8cle, Sitges v\u00e9cut une p\u00e9riode de grande splendeur. Au retour d\u2019Am\u00e9rique de commer\u00e7ants prosp\u00e8res vint s\u2019ajouter l\u2019arriv\u00e9e d\u2019artistes modernistes. D\u00e8s lors, la petite ville de Sitges s\u2019est convertie en un p\u00f4le d\u2019attraction culturelle, ludique et touristique. La pr\u00e9sence actuelle de divers mus\u00e9es et festivals la maintiennent en toute premi\u00e8re ligne pour les loisirs.<\/p>\n","protected":false},"featured_media":7876,"comment_status":"closed","ping_status":"closed","template":"","meta":{"_acf_changed":false,"_monsterinsights_skip_tracking":false,"_monsterinsights_sitenote_active":false,"_monsterinsights_sitenote_note":"","_monsterinsights_sitenote_category":0},"product_brand":[],"product_cat":[1542],"product_tag":[990,1031,961,1000,1007,1032],"class_list":{"0":"post-29343","1":"product","2":"type-product","3":"status-publish","4":"has-post-thumbnail","6":"product_cat-catalogne-fr","7":"product_tag-allemand-fr","8":"product_tag-anglais-fr","9":"product_tag-catalan-fr","10":"product_tag-espagnol-fr","11":"product_tag-francais-fr-2","12":"product_tag-italien","13":"pa_idioma-catalan-fr","14":"pa_idioma-deutsch-fr","15":"pa_idioma-english-fr","16":"pa_idioma-espanol-fr-2","17":"pa_idioma-francais-fr","18":"pa_idioma-italiano-fr","20":"first","21":"instock","22":"taxable","23":"shipping-taxable","24":"purchasable","25":"product-type-variable","26":"has-default-attributes"},"acf":[],"_links":{"self":[{"href":"https:\/\/triangle.cat\/fr\/wp-json\/wp\/v2\/product\/29343","targetHints":{"allow":["GET"]}}],"collection":[{"href":"https:\/\/triangle.cat\/fr\/wp-json\/wp\/v2\/product"}],"about":[{"href":"https:\/\/triangle.cat\/fr\/wp-json\/wp\/v2\/types\/product"}],"replies":[{"embeddable":true,"href":"https:\/\/triangle.cat\/fr\/wp-json\/wp\/v2\/comments?post=29343"}],"wp:featuredmedia":[{"embeddable":true,"href":"https:\/\/triangle.cat\/fr\/wp-json\/wp\/v2\/media\/7876"}],"wp:attachment":[{"href":"https:\/\/triangle.cat\/fr\/wp-json\/wp\/v2\/media?parent=29343"}],"wp:term":[{"taxonomy":"product_brand","embeddable":true,"href":"https:\/\/triangle.cat\/fr\/wp-json\/wp\/v2\/product_brand?post=29343"},{"taxonomy":"product_cat","embeddable":true,"href":"https:\/\/triangle.cat\/fr\/wp-json\/wp\/v2\/product_cat?post=29343"},{"taxonomy":"product_tag","embeddable":true,"href":"https:\/\/triangle.cat\/fr\/wp-json\/wp\/v2\/product_tag?post=29343"}],"curies":[{"name":"wp","href":"https:\/\/api.w.org\/{rel}","templated":true}]}}