
{"id":29333,"date":"2023-02-14T07:59:35","date_gmt":"2023-02-14T07:59:35","guid":{"rendered":"https:\/\/www.triangleeditorial.com\/producto\/gaudi-et-la-cathedrale-de-majorque\/"},"modified":"2025-12-03T12:01:59","modified_gmt":"2025-12-03T10:01:59","slug":"gaudi-et-la-cathedrale-de-majorque","status":"publish","type":"product","link":"https:\/\/triangle.cat\/fr\/producto\/gaudi-et-la-cathedrale-de-majorque\/","title":{"rendered":"Gaud\u00ed et la Cath\u00e9drale de Majorque"},"content":{"rendered":"","protected":false},"excerpt":{"rendered":"<p>Antoni Gaud\u00ed se rendit \u00e0 la cath\u00e9drale de Palma de Majorque au cours de l\u2019hiver 1902 pour entreprendre la restauration d\u2019une partie du temple. Il fut aid\u00e9 dans cette t\u00e2che par les artistes Josep Maria Jujol, Joan Rubi\u00f3 et Joaquim Torres-Garcia. Bien que son travail ait \u00e9t\u00e9 tr\u00e8s critiqu\u00e9 du fait notamment de l\u2019\u00e9limination de certains \u00e9l\u00e9ments traditionnels, le r\u00e9sultat surprend et d\u00e9fie le passage du temps.<\/p>\n","protected":false},"featured_media":7861,"comment_status":"closed","ping_status":"closed","template":"","meta":{"_acf_changed":false,"_monsterinsights_skip_tracking":false,"_monsterinsights_sitenote_active":false,"_monsterinsights_sitenote_note":"","_monsterinsights_sitenote_category":0},"product_brand":[],"product_cat":[1557,1536],"product_tag":[990,1031,961,1000,1007,1032],"class_list":{"0":"post-29333","1":"product","2":"type-product","3":"status-publish","4":"has-post-thumbnail","6":"product_cat-antoni-gaudi-fr","7":"product_cat-art-architecture-fr","8":"product_tag-allemand-fr","9":"product_tag-anglais-fr","10":"product_tag-catalan-fr","11":"product_tag-espagnol-fr","12":"product_tag-francais-fr-2","13":"product_tag-italien","14":"pa_idioma-catalan-fr","15":"pa_idioma-deutsch-fr","16":"pa_idioma-english-fr","17":"pa_idioma-espanol-fr-2","18":"pa_idioma-francais-fr","19":"pa_idioma-italiano-fr","21":"first","22":"instock","23":"taxable","24":"shipping-taxable","25":"purchasable","26":"product-type-variable","27":"has-default-attributes"},"acf":[],"_links":{"self":[{"href":"https:\/\/triangle.cat\/fr\/wp-json\/wp\/v2\/product\/29333","targetHints":{"allow":["GET"]}}],"collection":[{"href":"https:\/\/triangle.cat\/fr\/wp-json\/wp\/v2\/product"}],"about":[{"href":"https:\/\/triangle.cat\/fr\/wp-json\/wp\/v2\/types\/product"}],"replies":[{"embeddable":true,"href":"https:\/\/triangle.cat\/fr\/wp-json\/wp\/v2\/comments?post=29333"}],"wp:featuredmedia":[{"embeddable":true,"href":"https:\/\/triangle.cat\/fr\/wp-json\/wp\/v2\/media\/7861"}],"wp:attachment":[{"href":"https:\/\/triangle.cat\/fr\/wp-json\/wp\/v2\/media?parent=29333"}],"wp:term":[{"taxonomy":"product_brand","embeddable":true,"href":"https:\/\/triangle.cat\/fr\/wp-json\/wp\/v2\/product_brand?post=29333"},{"taxonomy":"product_cat","embeddable":true,"href":"https:\/\/triangle.cat\/fr\/wp-json\/wp\/v2\/product_cat?post=29333"},{"taxonomy":"product_tag","embeddable":true,"href":"https:\/\/triangle.cat\/fr\/wp-json\/wp\/v2\/product_tag?post=29333"}],"curies":[{"name":"wp","href":"https:\/\/api.w.org\/{rel}","templated":true}]}}