
{"id":29326,"date":"2023-02-14T07:58:49","date_gmt":"2023-02-14T10:24:39","guid":{"rendered":"https:\/\/www.triangleeditorial.com\/producto\/saint-jacques-de-compostelle\/"},"modified":"2023-02-14T10:25:24","modified_gmt":"2023-02-14T10:25:24","slug":"saint-jacques-de-compostelle","status":"publish","type":"product","link":"https:\/\/triangle.cat\/fr\/producto\/saint-jacques-de-compostelle\/","title":{"rendered":"Saint Jacques de Compostelle"},"content":{"rendered":"","protected":false},"excerpt":{"rendered":"<p>Saint-Jacques-de-Compostelle, avec pour axe sa c\u00e9l\u00e8bre cath\u00e9drale, est la destination d\u2019un des trois chemins de p\u00e8lerinage de l\u2019Occident chr\u00e9tien, avec Rome et J\u00e9rusalem. Anxo Quintela et Jordi Puig nous ferons d\u00e9couvrir une ville de pierre et de ciel, de mousse et de pluie qui, depuis le Moyen \u00c2ge, exerce une telle attraction sur les personnes, croyantes ou non, qu\u2019elle les conduit \u00e0 se mettre en mouvement pour la conna\u00eetre.<\/p>\n","protected":false},"featured_media":15099,"comment_status":"closed","ping_status":"closed","template":"","meta":{"_acf_changed":false,"_monsterinsights_skip_tracking":false,"_monsterinsights_sitenote_active":false,"_monsterinsights_sitenote_note":"","_monsterinsights_sitenote_category":0},"product_brand":[],"product_cat":[1536],"product_tag":[990,1031,1000,1007,1032],"class_list":{"0":"post-29326","1":"product","2":"type-product","3":"status-publish","4":"has-post-thumbnail","6":"product_cat-art-architecture-fr","7":"product_tag-allemand-fr","8":"product_tag-anglais-fr","9":"product_tag-espagnol-fr","10":"product_tag-francais-fr-2","11":"product_tag-italien","12":"pa_idioma-deutsch-fr","13":"pa_idioma-english-fr","14":"pa_idioma-espanol-fr-2","15":"pa_idioma-francais-fr","16":"pa_idioma-italiano-fr","17":"pa_idioma-galego-fr","19":"first","20":"instock","21":"taxable","22":"shipping-taxable","23":"purchasable","24":"product-type-variable","25":"has-default-attributes"},"acf":[],"_links":{"self":[{"href":"https:\/\/triangle.cat\/fr\/wp-json\/wp\/v2\/product\/29326","targetHints":{"allow":["GET"]}}],"collection":[{"href":"https:\/\/triangle.cat\/fr\/wp-json\/wp\/v2\/product"}],"about":[{"href":"https:\/\/triangle.cat\/fr\/wp-json\/wp\/v2\/types\/product"}],"replies":[{"embeddable":true,"href":"https:\/\/triangle.cat\/fr\/wp-json\/wp\/v2\/comments?post=29326"}],"wp:featuredmedia":[{"embeddable":true,"href":"https:\/\/triangle.cat\/fr\/wp-json\/wp\/v2\/media\/15099"}],"wp:attachment":[{"href":"https:\/\/triangle.cat\/fr\/wp-json\/wp\/v2\/media?parent=29326"}],"wp:term":[{"taxonomy":"product_brand","embeddable":true,"href":"https:\/\/triangle.cat\/fr\/wp-json\/wp\/v2\/product_brand?post=29326"},{"taxonomy":"product_cat","embeddable":true,"href":"https:\/\/triangle.cat\/fr\/wp-json\/wp\/v2\/product_cat?post=29326"},{"taxonomy":"product_tag","embeddable":true,"href":"https:\/\/triangle.cat\/fr\/wp-json\/wp\/v2\/product_tag?post=29326"}],"curies":[{"name":"wp","href":"https:\/\/api.w.org\/{rel}","templated":true}]}}