
{"id":29323,"date":"2023-02-14T07:58:33","date_gmt":"2023-02-14T10:24:21","guid":{"rendered":"https:\/\/www.triangleeditorial.com\/producto\/sardenya\/"},"modified":"2025-05-03T19:53:08","modified_gmt":"2025-05-03T17:53:08","slug":"sardenya","status":"publish","type":"product","link":"https:\/\/triangle.cat\/fr\/producto\/sardenya\/","title":{"rendered":"Sardenya"},"content":{"rendered":"","protected":false},"excerpt":{"rendered":"<p>Les itin\u00e9raires que nous proposons dans ce guide parcourent toute l\u2019\u00eele et permettent de d\u00e9couvrir la spectaculaire et singuli\u00e8re beaut\u00e9 de ses parages naturels, de m\u00eame que sa vaste et compl\u00e8te offre culturelle d\u00e9coulant de l\u2019influence et de l\u2019empreinte laiss\u00e9es par toutes les civilisations qui se sont succ\u00e9d\u00e9es au fil des si\u00e8cles, en insistant tout particuli\u00e8rement sur l\u2019important h\u00e9ritage culturel catalan, fruit du lien historique qui perdure encore de nos jours.<\/p>\n","protected":false},"featured_media":20794,"comment_status":"closed","ping_status":"closed","template":"","meta":{"_acf_changed":false,"_monsterinsights_skip_tracking":false,"_monsterinsights_sitenote_active":false,"_monsterinsights_sitenote_note":"","_monsterinsights_sitenote_category":0},"product_brand":[],"product_cat":[1512],"product_tag":[961,1000],"class_list":{"0":"post-29323","1":"product","2":"type-product","3":"status-publish","4":"has-post-thumbnail","6":"product_cat-guide-carte","7":"product_tag-catalan-fr","8":"product_tag-espagnol-fr","9":"pa_idioma-catalan-fr","10":"pa_idioma-espanol-fr-2","12":"first","13":"instock","14":"taxable","15":"shipping-taxable","16":"purchasable","17":"product-type-variable","18":"has-default-attributes"},"acf":[],"_links":{"self":[{"href":"https:\/\/triangle.cat\/fr\/wp-json\/wp\/v2\/product\/29323","targetHints":{"allow":["GET"]}}],"collection":[{"href":"https:\/\/triangle.cat\/fr\/wp-json\/wp\/v2\/product"}],"about":[{"href":"https:\/\/triangle.cat\/fr\/wp-json\/wp\/v2\/types\/product"}],"replies":[{"embeddable":true,"href":"https:\/\/triangle.cat\/fr\/wp-json\/wp\/v2\/comments?post=29323"}],"wp:featuredmedia":[{"embeddable":true,"href":"https:\/\/triangle.cat\/fr\/wp-json\/wp\/v2\/media\/20794"}],"wp:attachment":[{"href":"https:\/\/triangle.cat\/fr\/wp-json\/wp\/v2\/media?parent=29323"}],"wp:term":[{"taxonomy":"product_brand","embeddable":true,"href":"https:\/\/triangle.cat\/fr\/wp-json\/wp\/v2\/product_brand?post=29323"},{"taxonomy":"product_cat","embeddable":true,"href":"https:\/\/triangle.cat\/fr\/wp-json\/wp\/v2\/product_cat?post=29323"},{"taxonomy":"product_tag","embeddable":true,"href":"https:\/\/triangle.cat\/fr\/wp-json\/wp\/v2\/product_tag?post=29323"}],"curies":[{"name":"wp","href":"https:\/\/api.w.org\/{rel}","templated":true}]}}