
{"id":29320,"date":"2023-02-14T07:58:05","date_gmt":"2023-02-14T10:23:53","guid":{"rendered":"https:\/\/www.triangleeditorial.com\/producto\/roses\/"},"modified":"2023-10-06T09:44:18","modified_gmt":"2023-10-06T07:44:18","slug":"roses","status":"publish","type":"product","link":"https:\/\/triangle.cat\/fr\/producto\/roses\/","title":{"rendered":"Roses"},"content":{"rendered":"","protected":false},"excerpt":{"rendered":"<p>Roses, ville c\u00f4ti\u00e8re proche de la fronti\u00e8re fran\u00e7aise, est devenue l\u2019une des destinations parmi les plus pris\u00e9es de la Catalogne. Son paysage s\u2019inscrit dans le parc des Aiguamolls de l\u2019Ampourdan et dans le parc naturel de la Costa Brava. Au fil du xxe si\u00e8cle, le petit village de p\u00eacheurs s\u2019est transform\u00e9 en un centre touristique de grand int\u00e9r\u00eat, o\u00f9 ont \u00e9t\u00e9 mat\u00e9rialis\u00e9es les cr\u00e9ations gastronomiques du c\u00e9l\u00e8bre cuisinier Ferran Adri\u00e0.<\/p>\n","protected":false},"featured_media":21418,"comment_status":"closed","ping_status":"closed","template":"","meta":{"_acf_changed":false,"_monsterinsights_skip_tracking":false,"_monsterinsights_sitenote_active":false,"_monsterinsights_sitenote_note":"","_monsterinsights_sitenote_category":0},"product_brand":[],"product_cat":[1560],"product_tag":[990,1031,961,1000,1007,1032],"class_list":{"0":"post-29320","1":"product","2":"type-product","3":"status-publish","4":"has-post-thumbnail","6":"product_cat-gerone-costa-brava","7":"product_tag-allemand-fr","8":"product_tag-anglais-fr","9":"product_tag-catalan-fr","10":"product_tag-espagnol-fr","11":"product_tag-francais-fr-2","12":"product_tag-italien","13":"pa_idioma-multilingue-espanol-catala-english-fr","14":"pa_idioma-multilingue-francais-italiano-deutsch-fr","16":"first","17":"instock","18":"taxable","19":"shipping-taxable","20":"purchasable","21":"product-type-variable","22":"has-default-attributes"},"acf":[],"_links":{"self":[{"href":"https:\/\/triangle.cat\/fr\/wp-json\/wp\/v2\/product\/29320","targetHints":{"allow":["GET"]}}],"collection":[{"href":"https:\/\/triangle.cat\/fr\/wp-json\/wp\/v2\/product"}],"about":[{"href":"https:\/\/triangle.cat\/fr\/wp-json\/wp\/v2\/types\/product"}],"replies":[{"embeddable":true,"href":"https:\/\/triangle.cat\/fr\/wp-json\/wp\/v2\/comments?post=29320"}],"wp:featuredmedia":[{"embeddable":true,"href":"https:\/\/triangle.cat\/fr\/wp-json\/wp\/v2\/media\/21418"}],"wp:attachment":[{"href":"https:\/\/triangle.cat\/fr\/wp-json\/wp\/v2\/media?parent=29320"}],"wp:term":[{"taxonomy":"product_brand","embeddable":true,"href":"https:\/\/triangle.cat\/fr\/wp-json\/wp\/v2\/product_brand?post=29320"},{"taxonomy":"product_cat","embeddable":true,"href":"https:\/\/triangle.cat\/fr\/wp-json\/wp\/v2\/product_cat?post=29320"},{"taxonomy":"product_tag","embeddable":true,"href":"https:\/\/triangle.cat\/fr\/wp-json\/wp\/v2\/product_tag?post=29320"}],"curies":[{"name":"wp","href":"https:\/\/api.w.org\/{rel}","templated":true}]}}