
{"id":29318,"date":"2023-02-14T07:55:39","date_gmt":"2023-02-14T10:21:46","guid":{"rendered":"https:\/\/www.triangleeditorial.com\/producto\/roques-de-menorca\/"},"modified":"2023-02-14T10:23:55","modified_gmt":"2023-02-14T10:23:55","slug":"roques-de-menorca","status":"publish","type":"product","link":"https:\/\/triangle.cat\/fr\/producto\/roques-de-menorca\/","title":{"rendered":"Roques de Menorca"},"content":{"rendered":"","protected":false},"excerpt":{"rendered":"<p>\u00ab Je voulais montrer comment un rocher n\u2019accapare pas la lumi\u00e8re du soleil\u00a0: il la partage. D\u00e9j\u00e0 pour les anciens, [les rochers] \u00e9taient un symbole d\u2019unit\u00e9 et de force\u00a0; pour nous ils ont une force difficilement dominable, la force et la vitalit\u00e9 de la nature dans toute sa pl\u00e9nitude et sa beaut\u00e9 \u00bb Toni Vidal.<\/p>\n","protected":false},"featured_media":22721,"comment_status":"closed","ping_status":"closed","template":"","meta":{"_acf_changed":false,"_monsterinsights_skip_tracking":false,"_monsterinsights_sitenote_active":false,"_monsterinsights_sitenote_note":"","_monsterinsights_sitenote_category":0},"product_brand":[],"product_cat":[1572,1555],"product_tag":[1031,961,1000],"class_list":{"0":"post-29318","1":"product","2":"type-product","3":"status-publish","4":"has-post-thumbnail","6":"product_cat-minorque","7":"product_cat-photographie-design","8":"product_tag-anglais-fr","9":"product_tag-catalan-fr","10":"product_tag-espagnol-fr","11":"pa_idioma-multilingue-catala-espanol-english-fr","13":"first","14":"instock","15":"taxable","16":"shipping-taxable","17":"purchasable","18":"product-type-variable","19":"has-default-attributes"},"acf":[],"_links":{"self":[{"href":"https:\/\/triangle.cat\/fr\/wp-json\/wp\/v2\/product\/29318","targetHints":{"allow":["GET"]}}],"collection":[{"href":"https:\/\/triangle.cat\/fr\/wp-json\/wp\/v2\/product"}],"about":[{"href":"https:\/\/triangle.cat\/fr\/wp-json\/wp\/v2\/types\/product"}],"replies":[{"embeddable":true,"href":"https:\/\/triangle.cat\/fr\/wp-json\/wp\/v2\/comments?post=29318"}],"wp:featuredmedia":[{"embeddable":true,"href":"https:\/\/triangle.cat\/fr\/wp-json\/wp\/v2\/media\/22721"}],"wp:attachment":[{"href":"https:\/\/triangle.cat\/fr\/wp-json\/wp\/v2\/media?parent=29318"}],"wp:term":[{"taxonomy":"product_brand","embeddable":true,"href":"https:\/\/triangle.cat\/fr\/wp-json\/wp\/v2\/product_brand?post=29318"},{"taxonomy":"product_cat","embeddable":true,"href":"https:\/\/triangle.cat\/fr\/wp-json\/wp\/v2\/product_cat?post=29318"},{"taxonomy":"product_tag","embeddable":true,"href":"https:\/\/triangle.cat\/fr\/wp-json\/wp\/v2\/product_tag?post=29318"}],"curies":[{"name":"wp","href":"https:\/\/api.w.org\/{rel}","templated":true}]}}