
{"id":29315,"date":"2023-02-14T07:54:57","date_gmt":"2023-02-14T10:21:02","guid":{"rendered":"https:\/\/www.triangleeditorial.com\/producto\/la-rambla\/"},"modified":"2023-02-14T10:21:48","modified_gmt":"2023-02-14T10:21:48","slug":"la-rambla","status":"publish","type":"product","link":"https:\/\/triangle.cat\/fr\/producto\/la-rambla\/","title":{"rendered":"La Rambla"},"content":{"rendered":"","protected":false},"excerpt":{"rendered":"<p>Il est indiscutable que, pour les Barceloneis et les Barceloneises, de m\u00eame que pour les visiteurs, la mecque de la ville est La\u00a0Rambla. Sans s\u2019en rendre compte, le promeneur la croise plusieurs fois\u00a0: parfois, il la traverse seulement, d\u2019autres fois, il y d\u00e9ambule tranquillement, il ramble\u2026 Cet ouvrage propose de red\u00e9couvrir La\u00a0Rambla, la promenade de Barcelone par excellence, aussi bien du point de vue historique que de sa singularit\u00e9 urbaine et sociale, au moyen d\u2019une vaste s\u00e9lection d\u2019images historiques et actuelles, tr\u00e8s souvent d\u2019espaces int\u00e9rieurs m\u00e9connus ou de difficile acc\u00e8s.<\/p>\n","protected":false},"featured_media":17297,"comment_status":"closed","ping_status":"closed","template":"","meta":{"_acf_changed":false,"_monsterinsights_skip_tracking":false,"_monsterinsights_sitenote_active":false,"_monsterinsights_sitenote_note":"","_monsterinsights_sitenote_category":0},"product_brand":[],"product_cat":[1539,1555],"product_tag":[1031,961,1000,1007],"class_list":{"0":"post-29315","1":"product","2":"type-product","3":"status-publish","4":"has-post-thumbnail","6":"product_cat-barcelone-fr","7":"product_cat-photographie-design","8":"product_tag-anglais-fr","9":"product_tag-catalan-fr","10":"product_tag-espagnol-fr","11":"product_tag-francais-fr-2","12":"pa_idioma-multilingue-catala-english-fr","13":"pa_idioma-multilingue-espanol-francais-fr","15":"first","16":"instock","17":"taxable","18":"shipping-taxable","19":"purchasable","20":"product-type-variable","21":"has-default-attributes"},"acf":[],"_links":{"self":[{"href":"https:\/\/triangle.cat\/fr\/wp-json\/wp\/v2\/product\/29315","targetHints":{"allow":["GET"]}}],"collection":[{"href":"https:\/\/triangle.cat\/fr\/wp-json\/wp\/v2\/product"}],"about":[{"href":"https:\/\/triangle.cat\/fr\/wp-json\/wp\/v2\/types\/product"}],"replies":[{"embeddable":true,"href":"https:\/\/triangle.cat\/fr\/wp-json\/wp\/v2\/comments?post=29315"}],"wp:featuredmedia":[{"embeddable":true,"href":"https:\/\/triangle.cat\/fr\/wp-json\/wp\/v2\/media\/17297"}],"wp:attachment":[{"href":"https:\/\/triangle.cat\/fr\/wp-json\/wp\/v2\/media?parent=29315"}],"wp:term":[{"taxonomy":"product_brand","embeddable":true,"href":"https:\/\/triangle.cat\/fr\/wp-json\/wp\/v2\/product_brand?post=29315"},{"taxonomy":"product_cat","embeddable":true,"href":"https:\/\/triangle.cat\/fr\/wp-json\/wp\/v2\/product_cat?post=29315"},{"taxonomy":"product_tag","embeddable":true,"href":"https:\/\/triangle.cat\/fr\/wp-json\/wp\/v2\/product_tag?post=29315"}],"curies":[{"name":"wp","href":"https:\/\/api.w.org\/{rel}","templated":true}]}}