
{"id":29313,"date":"2023-02-14T07:53:56","date_gmt":"2023-02-14T10:20:27","guid":{"rendered":"https:\/\/www.triangleeditorial.com\/producto\/mallorca-serra-de-tramuntana\/"},"modified":"2025-08-08T11:35:21","modified_gmt":"2025-08-08T09:35:21","slug":"mallorca-serra-de-tramuntana","status":"publish","type":"product","link":"https:\/\/triangle.cat\/fr\/producto\/mallorca-serra-de-tramuntana\/","title":{"rendered":"Mallorca Serra de Tramuntana"},"content":{"rendered":"","protected":false},"excerpt":{"rendered":"<p data-prosemirror-content-type=\"node\" data-prosemirror-node-name=\"paragraph\" data-prosemirror-node-block=\"true\" data-pm-slice=\"1 1 []\">Photographies prises par un voyageur de passage qui aime la montagne. Des instants vol\u00e9s, remplis de lumi\u00e8res et d\u2019ombres d\u2019une cha\u00eene montagneuse qui singularise Majorque bien plus que les plages de beaut\u00e9 sauvage.<br data-prosemirror-content-type=\"node\" data-prosemirror-node-name=\"hardBreak\" data-prosemirror-node-inline=\"true\" \/>La Tramuntana brise les st\u00e9r\u00e9otypes sur l\u2019\u00eele avec ses for\u00eats de ch\u00eanes-li\u00e8ges humides et ses sentiers\u00a0o\u00f9 chaque pas est une v\u00e9ritable inspiration. Un patrimoine mondial qui ne se d\u00e9couvre en profondeur qu\u2019en le parcourant \u00e0 pied, en suivant le GR-221 ou le Sentier de la Pierre S\u00e8che.<\/p>\n<p data-prosemirror-content-type=\"node\" data-prosemirror-node-name=\"paragraph\" data-prosemirror-node-block=\"true\">\n","protected":false},"featured_media":30061,"comment_status":"closed","ping_status":"closed","template":"","meta":{"_acf_changed":false,"_monsterinsights_skip_tracking":false,"_monsterinsights_sitenote_active":false,"_monsterinsights_sitenote_note":"","_monsterinsights_sitenote_category":0},"product_brand":[],"product_cat":[1569,1555],"product_tag":[],"class_list":{"0":"post-29313","1":"product","2":"type-product","3":"status-publish","4":"has-post-thumbnail","6":"product_cat-majorque","7":"product_cat-photographie-design","8":"pa_idioma-multilingue-catala-espanol-english-deustch-fr","10":"first","11":"instock","12":"taxable","13":"shipping-taxable","14":"purchasable","15":"product-type-variable","16":"has-default-attributes"},"acf":[],"_links":{"self":[{"href":"https:\/\/triangle.cat\/fr\/wp-json\/wp\/v2\/product\/29313","targetHints":{"allow":["GET"]}}],"collection":[{"href":"https:\/\/triangle.cat\/fr\/wp-json\/wp\/v2\/product"}],"about":[{"href":"https:\/\/triangle.cat\/fr\/wp-json\/wp\/v2\/types\/product"}],"replies":[{"embeddable":true,"href":"https:\/\/triangle.cat\/fr\/wp-json\/wp\/v2\/comments?post=29313"}],"wp:featuredmedia":[{"embeddable":true,"href":"https:\/\/triangle.cat\/fr\/wp-json\/wp\/v2\/media\/30061"}],"wp:attachment":[{"href":"https:\/\/triangle.cat\/fr\/wp-json\/wp\/v2\/media?parent=29313"}],"wp:term":[{"taxonomy":"product_brand","embeddable":true,"href":"https:\/\/triangle.cat\/fr\/wp-json\/wp\/v2\/product_brand?post=29313"},{"taxonomy":"product_cat","embeddable":true,"href":"https:\/\/triangle.cat\/fr\/wp-json\/wp\/v2\/product_cat?post=29313"},{"taxonomy":"product_tag","embeddable":true,"href":"https:\/\/triangle.cat\/fr\/wp-json\/wp\/v2\/product_tag?post=29313"}],"curies":[{"name":"wp","href":"https:\/\/api.w.org\/{rel}","templated":true}]}}