
{"id":29311,"date":"2023-02-14T07:53:42","date_gmt":"2023-02-14T07:53:42","guid":{"rendered":"https:\/\/www.triangleeditorial.com\/producto\/la-pedrera-sostres-i-forja\/"},"modified":"2023-02-14T10:20:28","modified_gmt":"2023-02-14T10:20:28","slug":"la-pedrera-sostres-i-forja","status":"publish","type":"product","link":"https:\/\/triangle.cat\/fr\/producto\/la-pedrera-sostres-i-forja\/","title":{"rendered":"La Pedrera sostres i forja"},"content":{"rendered":"","protected":false},"excerpt":{"rendered":"<p>Gaud\u00ed continue \u00e0 surprendre et \u00e0 passionner les experts. Chaque nouvelle approche de son \u0153uvre r\u00e9v\u00e8le des facettes et des d\u00e9tails inconnus jusqu\u2019ici de l\u2019architecte de g\u00e9nie.  Les ouvrages La Pedrera plafonds et La Pedrera forge, des architectes Galdric Santana et David Ferrer respectivement, permettent de d\u00e9couvrir des aspects in\u00e9dits de la Casa Mil\u00e0 expliqu\u00e9s avec des photographies de Pere Vivas, jamais r\u00e9alis\u00e9es auparavant, dont beaucoup proviennent d\u2019espaces non accessibles au public. Dans La Pedrera plafond, les faux plafonds des chambres surprennent le visiteur car ils s\u2019\u00e9chappent du plan horizontal qui leur est propre, ainsi que la nouvelle plastique que pr\u00e9sente leur ornementation que l\u2019on d\u00e9couvre pour la premi\u00e8re fois.  D\u2019autre part, La Pedrera forge met en valeur le travail de forge du b\u00e2timent, mettant en \u00e9vidence le degr\u00e9 de virtuosit\u00e9 sans comparaison en Europe, auquel \u00e9tait arriv\u00e9 la forge catalane au d\u00e9but du xxe si\u00e8cle et qui constitue en soi un des ensembles de sculpture les plus significatifs de l\u2019art contemporain.<\/p>\n","protected":false},"featured_media":16571,"comment_status":"closed","ping_status":"closed","template":"","meta":{"_acf_changed":false,"_monsterinsights_skip_tracking":false,"_monsterinsights_sitenote_active":false,"_monsterinsights_sitenote_note":"","_monsterinsights_sitenote_category":0},"product_brand":[],"product_cat":[1557,1536,1555],"product_tag":[1031,961,1000],"class_list":{"0":"post-29311","1":"product","2":"type-product","3":"status-publish","4":"has-post-thumbnail","6":"product_cat-antoni-gaudi-fr","7":"product_cat-art-architecture-fr","8":"product_cat-photographie-design","9":"product_tag-anglais-fr","10":"product_tag-catalan-fr","11":"product_tag-espagnol-fr","12":"pa_idioma-multilingue-catala-espanol-english-fr","14":"first","15":"instock","16":"taxable","17":"shipping-taxable","18":"purchasable","19":"product-type-variable","20":"has-default-attributes"},"acf":[],"_links":{"self":[{"href":"https:\/\/triangle.cat\/fr\/wp-json\/wp\/v2\/product\/29311","targetHints":{"allow":["GET"]}}],"collection":[{"href":"https:\/\/triangle.cat\/fr\/wp-json\/wp\/v2\/product"}],"about":[{"href":"https:\/\/triangle.cat\/fr\/wp-json\/wp\/v2\/types\/product"}],"replies":[{"embeddable":true,"href":"https:\/\/triangle.cat\/fr\/wp-json\/wp\/v2\/comments?post=29311"}],"wp:featuredmedia":[{"embeddable":true,"href":"https:\/\/triangle.cat\/fr\/wp-json\/wp\/v2\/media\/16571"}],"wp:attachment":[{"href":"https:\/\/triangle.cat\/fr\/wp-json\/wp\/v2\/media?parent=29311"}],"wp:term":[{"taxonomy":"product_brand","embeddable":true,"href":"https:\/\/triangle.cat\/fr\/wp-json\/wp\/v2\/product_brand?post=29311"},{"taxonomy":"product_cat","embeddable":true,"href":"https:\/\/triangle.cat\/fr\/wp-json\/wp\/v2\/product_cat?post=29311"},{"taxonomy":"product_tag","embeddable":true,"href":"https:\/\/triangle.cat\/fr\/wp-json\/wp\/v2\/product_tag?post=29311"}],"curies":[{"name":"wp","href":"https:\/\/api.w.org\/{rel}","templated":true}]}}