
{"id":29309,"date":"2023-02-14T07:52:50","date_gmt":"2023-02-14T10:19:40","guid":{"rendered":"https:\/\/www.triangleeditorial.com\/producto\/minorque-3\/"},"modified":"2023-03-06T10:26:56","modified_gmt":"2023-03-06T10:26:56","slug":"minorque-3","status":"publish","type":"product","link":"https:\/\/triangle.cat\/fr\/producto\/minorque-3\/","title":{"rendered":"Minorque"},"content":{"rendered":"","protected":false},"excerpt":{"rendered":"<p>Fr\u00e9d\u00e9rique Mahieu, ma\u00eetre artisan de la pierre s\u00e8che, est auteur des textes et cr\u00e9atrice de l\u2019Espace de pierre s\u00e8che de Lithica. Elle concilie son activit\u00e9 artisanale avec la participation aux diff\u00e9rents congr\u00e8s sur la pierre. Sa vision technique, culturelle et didactique participent \u00e0 la mise en valeur d\u2019un m\u00e9tier traditionnel caract\u00e9ristique de l\u2019\u00eele. Laurence Toussaint, photographe parisienne, a port\u00e9 son regard sur l\u2019humble travail de la pierre s\u00e8che. En photographiant les constructions des architectes anonymes qui laissent leurs empreintes monumentales, t\u00e9moignage de l\u2019identit\u00e9 et tradition culturelle, le paysage et la pierre s\u2019humanisent. Son objectif saisit l\u2019essence du lieu pour le partager dans un acte de photographie artistique d\u2019auteur.<\/p>\n","protected":false},"featured_media":30036,"comment_status":"closed","ping_status":"closed","template":"","meta":{"_acf_changed":false,"_monsterinsights_skip_tracking":false,"_monsterinsights_sitenote_active":false,"_monsterinsights_sitenote_note":"","_monsterinsights_sitenote_category":0},"product_brand":[],"product_cat":[1531,1572,1459],"product_tag":[],"class_list":{"0":"post-29309","1":"product","2":"type-product","3":"status-publish","4":"has-post-thumbnail","6":"product_cat-livres","7":"product_cat-minorque","8":"product_cat-de-categoriser","9":"pa_idioma-multilingue-catala-espanol-english-francais-fr","11":"first","12":"instock","13":"taxable","14":"shipping-taxable","15":"purchasable","16":"product-type-variable","17":"has-default-attributes"},"acf":[],"_links":{"self":[{"href":"https:\/\/triangle.cat\/fr\/wp-json\/wp\/v2\/product\/29309","targetHints":{"allow":["GET"]}}],"collection":[{"href":"https:\/\/triangle.cat\/fr\/wp-json\/wp\/v2\/product"}],"about":[{"href":"https:\/\/triangle.cat\/fr\/wp-json\/wp\/v2\/types\/product"}],"replies":[{"embeddable":true,"href":"https:\/\/triangle.cat\/fr\/wp-json\/wp\/v2\/comments?post=29309"}],"wp:featuredmedia":[{"embeddable":true,"href":"https:\/\/triangle.cat\/fr\/wp-json\/wp\/v2\/media\/30036"}],"wp:attachment":[{"href":"https:\/\/triangle.cat\/fr\/wp-json\/wp\/v2\/media?parent=29309"}],"wp:term":[{"taxonomy":"product_brand","embeddable":true,"href":"https:\/\/triangle.cat\/fr\/wp-json\/wp\/v2\/product_brand?post=29309"},{"taxonomy":"product_cat","embeddable":true,"href":"https:\/\/triangle.cat\/fr\/wp-json\/wp\/v2\/product_cat?post=29309"},{"taxonomy":"product_tag","embeddable":true,"href":"https:\/\/triangle.cat\/fr\/wp-json\/wp\/v2\/product_tag?post=29309"}],"curies":[{"name":"wp","href":"https:\/\/api.w.org\/{rel}","templated":true}]}}