
{"id":29307,"date":"2023-02-14T07:50:00","date_gmt":"2023-02-14T10:17:11","guid":{"rendered":"https:\/\/www.triangleeditorial.com\/producto\/casa-batllo-3\/"},"modified":"2023-03-06T11:04:48","modified_gmt":"2023-03-06T11:04:48","slug":"casa-batllo-3","status":"publish","type":"product","link":"https:\/\/triangle.cat\/fr\/producto\/casa-batllo-3\/","title":{"rendered":"Casa Batll\u00f3"},"content":{"rendered":"","protected":false},"excerpt":{"rendered":"<p>Ahora, tu eliges el COLOR de la Casa Batll\u00f3! Un pack de postales para jugar y aprender donde quiera que est\u00e9s y enviar grandes resultados a tus amigos o familiares. Internate en el mundo de Gaud\u00ed, en su obra m\u00e1s excepcional, la Casa Batll\u00f3. Arquitectura, arte, biolog\u00eda, historia, fauna, flora, astronom\u00eda&#8230; No hay tem\u00e1tica que Gaud\u00ed no haya tratado y que tu no puedas pintarla. \u00a1Una fusi\u00f3n perfecta de creatividad, diversi\u00f3n y aprendizaje!<\/p>\n","protected":false},"featured_media":30082,"comment_status":"closed","ping_status":"closed","template":"","meta":{"_acf_changed":false,"_monsterinsights_skip_tracking":false,"_monsterinsights_sitenote_active":false,"_monsterinsights_sitenote_note":"","_monsterinsights_sitenote_category":0},"product_brand":[],"product_cat":[1912,1563],"product_tag":[],"class_list":{"0":"post-29307","1":"product","2":"type-product","3":"status-publish","4":"has-post-thumbnail","6":"product_cat-llibres-infantils-fr","7":"product_cat-pour-enfants","8":"pa_idioma-multilingue-catala-espanol-english-francais-deutsch-italiano-fr","10":"first","11":"instock","12":"taxable","13":"shipping-taxable","14":"purchasable","15":"product-type-variable"},"acf":[],"_links":{"self":[{"href":"https:\/\/triangle.cat\/fr\/wp-json\/wp\/v2\/product\/29307","targetHints":{"allow":["GET"]}}],"collection":[{"href":"https:\/\/triangle.cat\/fr\/wp-json\/wp\/v2\/product"}],"about":[{"href":"https:\/\/triangle.cat\/fr\/wp-json\/wp\/v2\/types\/product"}],"replies":[{"embeddable":true,"href":"https:\/\/triangle.cat\/fr\/wp-json\/wp\/v2\/comments?post=29307"}],"wp:featuredmedia":[{"embeddable":true,"href":"https:\/\/triangle.cat\/fr\/wp-json\/wp\/v2\/media\/30082"}],"wp:attachment":[{"href":"https:\/\/triangle.cat\/fr\/wp-json\/wp\/v2\/media?parent=29307"}],"wp:term":[{"taxonomy":"product_brand","embeddable":true,"href":"https:\/\/triangle.cat\/fr\/wp-json\/wp\/v2\/product_brand?post=29307"},{"taxonomy":"product_cat","embeddable":true,"href":"https:\/\/triangle.cat\/fr\/wp-json\/wp\/v2\/product_cat?post=29307"},{"taxonomy":"product_tag","embeddable":true,"href":"https:\/\/triangle.cat\/fr\/wp-json\/wp\/v2\/product_tag?post=29307"}],"curies":[{"name":"wp","href":"https:\/\/api.w.org\/{rel}","templated":true}]}}