
{"id":29305,"date":"2023-02-14T07:49:49","date_gmt":"2023-02-14T10:16:58","guid":{"rendered":"https:\/\/www.triangleeditorial.com\/producto\/pirene-nostrum\/"},"modified":"2023-02-14T10:17:13","modified_gmt":"2023-02-14T10:17:13","slug":"pirene-nostrum","status":"publish","type":"product","link":"https:\/\/triangle.cat\/fr\/producto\/pirene-nostrum\/","title":{"rendered":"Pirene Nostrum"},"content":{"rendered":"","protected":false},"excerpt":{"rendered":"<p>Une vision compl\u00e8te des Pyr\u00e9n\u00e9es m\u00e9diterran\u00e9ennes o\u00f9 confluent les cultures de la Catalogne et de la France. L\u2019existence de quatre parcs naturels est une garantie de sa biodiversit\u00e9. Un paysage avec des villes telles que Collioure et Cadaqu\u00e9s, qui inspir\u00e8rent les pinceaux de Dal\u00ed, Derain et Matisse. Sa vaste offre culturelle \u2014 qui comprend l\u2019ensemble gr\u00e9co-romain d\u2019Emp\u00faries, le monast\u00e8re de Sant Pere de Rodes et le Mus\u00e9e d\u2019Art moderne de C\u00e9ret\u00a0\u2014 est un exemple d\u2019histoire accumul\u00e9e.<\/p>\n","protected":false},"featured_media":22663,"comment_status":"closed","ping_status":"closed","template":"","meta":{"_acf_changed":false,"_monsterinsights_skip_tracking":false,"_monsterinsights_sitenote_active":false,"_monsterinsights_sitenote_note":"","_monsterinsights_sitenote_category":0},"product_brand":[],"product_cat":[1542,1555],"product_tag":[1031,961,1000,1007],"class_list":{"0":"post-29305","1":"product","2":"type-product","3":"status-publish","4":"has-post-thumbnail","6":"product_cat-catalogne-fr","7":"product_cat-photographie-design","8":"product_tag-anglais-fr","9":"product_tag-catalan-fr","10":"product_tag-espagnol-fr","11":"product_tag-francais-fr-2","12":"pa_idioma-multilingue-catala-espanol-english-francais-fr","14":"first","15":"instock","16":"taxable","17":"shipping-taxable","18":"purchasable","19":"product-type-variable","20":"has-default-attributes"},"acf":[],"_links":{"self":[{"href":"https:\/\/triangle.cat\/fr\/wp-json\/wp\/v2\/product\/29305","targetHints":{"allow":["GET"]}}],"collection":[{"href":"https:\/\/triangle.cat\/fr\/wp-json\/wp\/v2\/product"}],"about":[{"href":"https:\/\/triangle.cat\/fr\/wp-json\/wp\/v2\/types\/product"}],"replies":[{"embeddable":true,"href":"https:\/\/triangle.cat\/fr\/wp-json\/wp\/v2\/comments?post=29305"}],"wp:featuredmedia":[{"embeddable":true,"href":"https:\/\/triangle.cat\/fr\/wp-json\/wp\/v2\/media\/22663"}],"wp:attachment":[{"href":"https:\/\/triangle.cat\/fr\/wp-json\/wp\/v2\/media?parent=29305"}],"wp:term":[{"taxonomy":"product_brand","embeddable":true,"href":"https:\/\/triangle.cat\/fr\/wp-json\/wp\/v2\/product_brand?post=29305"},{"taxonomy":"product_cat","embeddable":true,"href":"https:\/\/triangle.cat\/fr\/wp-json\/wp\/v2\/product_cat?post=29305"},{"taxonomy":"product_tag","embeddable":true,"href":"https:\/\/triangle.cat\/fr\/wp-json\/wp\/v2\/product_tag?post=29305"}],"curies":[{"name":"wp","href":"https:\/\/api.w.org\/{rel}","templated":true}]}}