
{"id":29298,"date":"2023-02-14T07:49:05","date_gmt":"2023-02-14T10:16:15","guid":{"rendered":"https:\/\/www.triangleeditorial.com\/producto\/palau-de-la-musica-catalana-2\/"},"modified":"2023-02-14T10:17:00","modified_gmt":"2023-02-14T10:17:00","slug":"palau-de-la-musica-catalana-2","status":"publish","type":"product","link":"https:\/\/triangle.cat\/fr\/producto\/palau-de-la-musica-catalana-2\/","title":{"rendered":"Palau de la M\u00fasica Catalana"},"content":{"rendered":"","protected":false},"excerpt":{"rendered":"<p>L\u2019\u0153uvre architecturale de Llu\u00eds Dom\u00e8nech i Montaner culmine dans le Palais de la Musique catalane, petit joyau moderniste et centre musical de Barcelone depuis 1908. Si sa fa\u00e7ade surprend, la salle de concerts, avec sa curieuse structure de temple et th\u00e9\u00e2tre \u00e0 la fois, est une des plus belles du monde.<\/p>\n","protected":false},"featured_media":7846,"comment_status":"closed","ping_status":"closed","template":"","meta":{"_acf_changed":false,"_monsterinsights_skip_tracking":false,"_monsterinsights_sitenote_active":false,"_monsterinsights_sitenote_note":"","_monsterinsights_sitenote_category":0},"product_brand":[],"product_cat":[1536,1539],"product_tag":[990,1031,961,1000,1007,1032],"class_list":{"0":"post-29298","1":"product","2":"type-product","3":"status-publish","4":"has-post-thumbnail","6":"product_cat-art-architecture-fr","7":"product_cat-barcelone-fr","8":"product_tag-allemand-fr","9":"product_tag-anglais-fr","10":"product_tag-catalan-fr","11":"product_tag-espagnol-fr","12":"product_tag-francais-fr-2","13":"product_tag-italien","14":"pa_idioma-catalan-fr","15":"pa_idioma-deutsch-fr","16":"pa_idioma-english-fr","17":"pa_idioma-espanol-fr-2","18":"pa_idioma-francais-fr","19":"pa_idioma-italiano-fr","21":"first","22":"instock","23":"taxable","24":"shipping-taxable","25":"purchasable","26":"product-type-variable","27":"has-default-attributes"},"acf":[],"_links":{"self":[{"href":"https:\/\/triangle.cat\/fr\/wp-json\/wp\/v2\/product\/29298","targetHints":{"allow":["GET"]}}],"collection":[{"href":"https:\/\/triangle.cat\/fr\/wp-json\/wp\/v2\/product"}],"about":[{"href":"https:\/\/triangle.cat\/fr\/wp-json\/wp\/v2\/types\/product"}],"replies":[{"embeddable":true,"href":"https:\/\/triangle.cat\/fr\/wp-json\/wp\/v2\/comments?post=29298"}],"wp:featuredmedia":[{"embeddable":true,"href":"https:\/\/triangle.cat\/fr\/wp-json\/wp\/v2\/media\/7846"}],"wp:attachment":[{"href":"https:\/\/triangle.cat\/fr\/wp-json\/wp\/v2\/media?parent=29298"}],"wp:term":[{"taxonomy":"product_brand","embeddable":true,"href":"https:\/\/triangle.cat\/fr\/wp-json\/wp\/v2\/product_brand?post=29298"},{"taxonomy":"product_cat","embeddable":true,"href":"https:\/\/triangle.cat\/fr\/wp-json\/wp\/v2\/product_cat?post=29298"},{"taxonomy":"product_tag","embeddable":true,"href":"https:\/\/triangle.cat\/fr\/wp-json\/wp\/v2\/product_tag?post=29298"}],"curies":[{"name":"wp","href":"https:\/\/api.w.org\/{rel}","templated":true}]}}