
{"id":29295,"date":"2023-02-14T07:48:49","date_gmt":"2023-02-14T10:15:56","guid":{"rendered":"https:\/\/www.triangleeditorial.com\/producto\/le-palais-de-la-musique-catalane\/"},"modified":"2024-01-22T13:23:10","modified_gmt":"2024-01-22T11:23:10","slug":"le-palais-de-la-musique-catalane","status":"publish","type":"product","link":"https:\/\/triangle.cat\/fr\/producto\/le-palais-de-la-musique-catalane\/","title":{"rendered":"Le Palais de la Musique Catalane"},"content":{"rendered":"","protected":false},"excerpt":{"rendered":"<p>Le Palais de la Musique catalane r\u00e9v\u00e8le les secrets du prodigieux \u00e9difice de Barcelone que l\u2019on conna\u00eet depuis un si\u00e8cle gr\u00e2ce au talent de l\u2019architecte moderniste Llu\u00eds Dom\u00e8nech i Montaner. L\u2019ouvrage montre la beaut\u00e9 du palais original, sans oublier ses nouveaux \u00e9quipements et les derni\u00e8res restaurations, dirig\u00e9es par l\u2019architecte \u00d2scar Tusquets. L\u2019\u00e9crivain et critique d\u2019art Robert\u00a0Hughes donne les cl\u00e9s pour comprendre son importance esth\u00e9tique et architecturale.<\/p>\n","protected":false},"featured_media":22336,"comment_status":"closed","ping_status":"closed","template":"","meta":{"_acf_changed":false,"_monsterinsights_skip_tracking":false,"_monsterinsights_sitenote_active":false,"_monsterinsights_sitenote_note":"","_monsterinsights_sitenote_category":0},"product_brand":[],"product_cat":[1536,1539],"product_tag":[990,1031,961,1000,1007,1032],"class_list":{"0":"post-29295","1":"product","2":"type-product","3":"status-publish","4":"has-post-thumbnail","6":"product_cat-art-architecture-fr","7":"product_cat-barcelone-fr","8":"product_tag-allemand-fr","9":"product_tag-anglais-fr","10":"product_tag-catalan-fr","11":"product_tag-espagnol-fr","12":"product_tag-francais-fr-2","13":"product_tag-italien","14":"pa_idioma-multilingue-catala-espanol-english-fr","15":"pa_idioma-multilingue-francais-deutsch-italiano-fr","17":"first","18":"instock","19":"taxable","20":"shipping-taxable","21":"purchasable","22":"product-type-variable","23":"has-default-attributes"},"acf":[],"_links":{"self":[{"href":"https:\/\/triangle.cat\/fr\/wp-json\/wp\/v2\/product\/29295","targetHints":{"allow":["GET"]}}],"collection":[{"href":"https:\/\/triangle.cat\/fr\/wp-json\/wp\/v2\/product"}],"about":[{"href":"https:\/\/triangle.cat\/fr\/wp-json\/wp\/v2\/types\/product"}],"replies":[{"embeddable":true,"href":"https:\/\/triangle.cat\/fr\/wp-json\/wp\/v2\/comments?post=29295"}],"wp:featuredmedia":[{"embeddable":true,"href":"https:\/\/triangle.cat\/fr\/wp-json\/wp\/v2\/media\/22336"}],"wp:attachment":[{"href":"https:\/\/triangle.cat\/fr\/wp-json\/wp\/v2\/media?parent=29295"}],"wp:term":[{"taxonomy":"product_brand","embeddable":true,"href":"https:\/\/triangle.cat\/fr\/wp-json\/wp\/v2\/product_brand?post=29295"},{"taxonomy":"product_cat","embeddable":true,"href":"https:\/\/triangle.cat\/fr\/wp-json\/wp\/v2\/product_cat?post=29295"},{"taxonomy":"product_tag","embeddable":true,"href":"https:\/\/triangle.cat\/fr\/wp-json\/wp\/v2\/product_tag?post=29295"}],"curies":[{"name":"wp","href":"https:\/\/api.w.org\/{rel}","templated":true}]}}