
{"id":29285,"date":"2023-02-14T07:47:47","date_gmt":"2023-02-14T10:14:53","guid":{"rendered":"https:\/\/www.triangleeditorial.com\/producto\/park-guell-2\/"},"modified":"2023-02-14T10:15:58","modified_gmt":"2023-02-14T10:15:58","slug":"park-guell-2","status":"publish","type":"product","link":"https:\/\/triangle.cat\/fr\/producto\/park-guell-2\/","title":{"rendered":"Park G\u00fcell"},"content":{"rendered":"","protected":false},"excerpt":{"rendered":"<p>Cet ouvrage r\u00e9v\u00e8le les myst\u00e8res du Park G\u00fcell et pr\u00e9sente un Gaud\u00ed et un G\u00fcell hardis, \u00e9clectiques, catholiques, francs-ma\u00e7ons, syncr\u00e9tiques et m\u00eame pleins d\u2019humour. Le lecteur ajoutera au plaisir de la recherche rigoureuse et \u00e0 l\u2019audace interpr\u00e9tative tous les attraits d\u2019un roman historique myst\u00e9rieux.<\/p>\n","protected":false},"featured_media":7822,"comment_status":"closed","ping_status":"closed","template":"","meta":{"_acf_changed":false,"_monsterinsights_skip_tracking":false,"_monsterinsights_sitenote_active":false,"_monsterinsights_sitenote_note":"","_monsterinsights_sitenote_category":0},"product_brand":[],"product_cat":[1557,1536],"product_tag":[990,1031,961,1000,1007,1032,1094,1053,1088],"class_list":{"0":"post-29285","1":"product","2":"type-product","3":"status-publish","4":"has-post-thumbnail","6":"product_cat-antoni-gaudi-fr","7":"product_cat-art-architecture-fr","8":"product_tag-allemand-fr","9":"product_tag-anglais-fr","10":"product_tag-catalan-fr","11":"product_tag-espagnol-fr","12":"product_tag-francais-fr-2","13":"product_tag-italien","14":"product_tag-japonais-fr","15":"product_tag-pays-bas","16":"product_tag-russe-fr","17":"pa_idioma-catalan-fr","18":"pa_idioma-deutsch-fr","19":"pa_idioma-english-fr","20":"pa_idioma-espanol-fr-2","21":"pa_idioma-francais-fr","22":"pa_idioma-italiano-fr","23":"pa_idioma-nederlands-fr","24":"pa_idioma--fr","27":"first","28":"instock","29":"taxable","30":"shipping-taxable","31":"purchasable","32":"product-type-variable","33":"has-default-attributes"},"acf":[],"_links":{"self":[{"href":"https:\/\/triangle.cat\/fr\/wp-json\/wp\/v2\/product\/29285","targetHints":{"allow":["GET"]}}],"collection":[{"href":"https:\/\/triangle.cat\/fr\/wp-json\/wp\/v2\/product"}],"about":[{"href":"https:\/\/triangle.cat\/fr\/wp-json\/wp\/v2\/types\/product"}],"replies":[{"embeddable":true,"href":"https:\/\/triangle.cat\/fr\/wp-json\/wp\/v2\/comments?post=29285"}],"wp:featuredmedia":[{"embeddable":true,"href":"https:\/\/triangle.cat\/fr\/wp-json\/wp\/v2\/media\/7822"}],"wp:attachment":[{"href":"https:\/\/triangle.cat\/fr\/wp-json\/wp\/v2\/media?parent=29285"}],"wp:term":[{"taxonomy":"product_brand","embeddable":true,"href":"https:\/\/triangle.cat\/fr\/wp-json\/wp\/v2\/product_brand?post=29285"},{"taxonomy":"product_cat","embeddable":true,"href":"https:\/\/triangle.cat\/fr\/wp-json\/wp\/v2\/product_cat?post=29285"},{"taxonomy":"product_tag","embeddable":true,"href":"https:\/\/triangle.cat\/fr\/wp-json\/wp\/v2\/product_tag?post=29285"}],"curies":[{"name":"wp","href":"https:\/\/api.w.org\/{rel}","templated":true}]}}