
{"id":29283,"date":"2023-02-14T07:44:55","date_gmt":"2023-02-14T10:12:28","guid":{"rendered":"https:\/\/www.triangleeditorial.com\/producto\/costa-brava-6\/"},"modified":"2023-04-11T10:03:00","modified_gmt":"2023-04-11T10:03:00","slug":"costa-brava-6","status":"publish","type":"product","link":"https:\/\/triangle.cat\/fr\/producto\/costa-brava-6\/","title":{"rendered":"Costa Brava"},"content":{"rendered":"","protected":false},"excerpt":{"rendered":"<p>Avec ce livre, Jordi Puig propose &#8211; sur la base d\u2019une recherche syst\u00e9matique de l\u2019image touristique diffus\u00e9e \u00e0 travers les cartes postales des ann\u00e9es 60 et 70 &#8211; d\u2019identifier l\u2019imaginaire que, dans le contexte de ces ann\u00e9es, nous avons su ou voulu projeter de la Costa Brava et de notre pays. Mais il \u00e9voque aussi le travail des photographes et de leurs \u00e9diteurs, la culture populaire, le contraste entre tradition et modernit\u00e9, l\u2019architecture et le paysage, l\u2019\u00e9volution de la carte postale comme forme d\u2019expression visuelle et \u00e9crite. Et sur le tourisme en tant que ph\u00e9nom\u00e8ne culturel de masse.<\/p>\n","protected":false},"featured_media":30442,"comment_status":"closed","ping_status":"closed","template":"","meta":{"_acf_changed":false,"_monsterinsights_skip_tracking":false,"_monsterinsights_sitenote_active":false,"_monsterinsights_sitenote_note":"","_monsterinsights_sitenote_category":0},"product_brand":[],"product_cat":[1542,1459],"product_tag":[972],"class_list":{"0":"post-29283","1":"product","2":"type-product","3":"status-publish","4":"has-post-thumbnail","6":"product_cat-catalogne-fr","7":"product_cat-de-categoriser","8":"product_tag-catalan-espagnol-anglais-francais","9":"pa_idioma-multilingue-catala-espanol-english-francais-fr","11":"first","12":"instock","13":"taxable","14":"shipping-taxable","15":"purchasable","16":"product-type-variable","17":"has-default-attributes"},"acf":[],"_links":{"self":[{"href":"https:\/\/triangle.cat\/fr\/wp-json\/wp\/v2\/product\/29283","targetHints":{"allow":["GET"]}}],"collection":[{"href":"https:\/\/triangle.cat\/fr\/wp-json\/wp\/v2\/product"}],"about":[{"href":"https:\/\/triangle.cat\/fr\/wp-json\/wp\/v2\/types\/product"}],"replies":[{"embeddable":true,"href":"https:\/\/triangle.cat\/fr\/wp-json\/wp\/v2\/comments?post=29283"}],"wp:featuredmedia":[{"embeddable":true,"href":"https:\/\/triangle.cat\/fr\/wp-json\/wp\/v2\/media\/30442"}],"wp:attachment":[{"href":"https:\/\/triangle.cat\/fr\/wp-json\/wp\/v2\/media?parent=29283"}],"wp:term":[{"taxonomy":"product_brand","embeddable":true,"href":"https:\/\/triangle.cat\/fr\/wp-json\/wp\/v2\/product_brand?post=29283"},{"taxonomy":"product_cat","embeddable":true,"href":"https:\/\/triangle.cat\/fr\/wp-json\/wp\/v2\/product_cat?post=29283"},{"taxonomy":"product_tag","embeddable":true,"href":"https:\/\/triangle.cat\/fr\/wp-json\/wp\/v2\/product_tag?post=29283"}],"curies":[{"name":"wp","href":"https:\/\/api.w.org\/{rel}","templated":true}]}}